{"id":1018,"date":"2020-06-02T16:08:19","date_gmt":"2020-06-02T16:08:19","guid":{"rendered":"https:\/\/echale.mx\/?page_id=1018"},"modified":"2022-09-27T21:00:34","modified_gmt":"2022-09-27T21:00:34","slug":"zimatlan","status":"publish","type":"page","link":"https:\/\/echale.mx\/en\/proyectos\/zimatlan\/","title":{"rendered":"ZIMATLAN"},"content":{"rendered":"<p><div class=\"fusion-bg-parallax\" data-bg-align=\"center center\" data-direction=\"down\" data-mute=\"false\" data-opacity=\"100\" data-velocity=\"-0.6\" data-mobile-enabled=\"false\" data-break_parents=\"0\" data-bg-image=\"https:\/\/echale.mx\/wp-content\/uploads\/2015\/02\/Portada-OKa-1-e1591039555640.jpg\" data-bg-repeat=\"false\" ><\/div><div class=\"fusion-fullwidth fullwidth-box fusion-builder-row-1 fusion-parallax-down nonhundred-percent-fullwidth non-hundred-percent-height-scrolling lazyload\" style=\"--awb-border-radius-top-left:0px;--awb-border-radius-top-right:0px;--awb-border-radius-bottom-right:0px;--awb-border-radius-bottom-left:0px;--awb-padding-top:80px;--awb-padding-right:30px;--awb-padding-bottom:80px;--awb-padding-left:30px;--awb-background-size:cover;--awb-flex-wrap:wrap;\" data-bg=\"https:\/\/echale.mx\/wp-content\/uploads\/2015\/02\/Portada-OKa-1-e1591039555640.jpg\" ><div class=\"fusion-builder-row fusion-row\"><div class=\"fusion-layout-column fusion_builder_column fusion-builder-column-0 fusion_builder_column_1_1 1_1 fusion-one-full fusion-column-first fusion-column-last\" style=\"--awb-bg-size:cover;\"><div class=\"fusion-column-wrapper fusion-column-has-shadow fusion-flex-column-wrapper-legacy\"><div class=\"fusion-title title fusion-title-1 fusion-sep-none fusion-title-center fusion-title-text fusion-title-size-one\" style=\"--awb-text-color:#ffffff;--awb-margin-top:50px;--awb-margin-top-small:50px;--awb-margin-right-small:0px;--awb-margin-left-small:0px;--awb-font-size:60px;\"><h1 class=\"fusion-title-heading title-heading-center\" style=\"margin:0;letter-spacing:1px;font-size:1em;\"><strong>ZIMATL\u00c1N<\/strong><\/h1><\/div><div class=\"fusion-title title fusion-title-2 fusion-sep-none fusion-title-center fusion-title-text fusion-title-size-one\" style=\"--awb-text-color:#ffffff;--awb-margin-bottom:50px;--awb-margin-right-small:0px;--awb-margin-bottom-small:50px;--awb-margin-left-small:0px;--awb-font-size:40px;\"><h1 class=\"fusion-title-heading title-heading-center\" style=\"margin:0;font-size:1em;\">OAXACA<\/h1><\/div><div class=\"fusion-clearfix\"><\/div><\/div><\/div><\/div><\/div><div class=\"fusion-fullwidth fullwidth-box fusion-builder-row-2 nonhundred-percent-fullwidth non-hundred-percent-height-scrolling\" style=\"--awb-border-radius-top-left:0px;--awb-border-radius-top-right:0px;--awb-border-radius-bottom-right:0px;--awb-border-radius-bottom-left:0px;--awb-padding-top:70px;--awb-padding-right:30px;--awb-padding-bottom:70px;--awb-padding-left:30px;--awb-flex-wrap:wrap;\" ><div class=\"fusion-builder-row fusion-row\"><div class=\"fusion-layout-column fusion_builder_column fusion-builder-column-1 fusion_builder_column_3_5 3_5 fusion-three-fifth fusion-column-first\" style=\"--awb-bg-size:cover;width:60%;width:calc(60% - ( ( 2% ) * 0.6 ) );margin-right: 2%;\"><div class=\"fusion-column-wrapper fusion-column-has-shadow fusion-flex-column-wrapper-legacy\"><div class=\"fusion-image-carousel fusion-image-carousel-auto fusion-image-carousel-1\"><div class=\"awb-carousel awb-swiper awb-swiper-carousel awb-carousel--carousel awb-swiper-dots-position-bottom\" data-layout=\"carousel\" data-autoplay=\"yes\" data-autoplayspeed=\"2500\" data-autoplaypause=\"no\" data-loop=\"yes\" data-columns=\"1\" data-columnsmedium=\"1\" data-columnssmall=\"1\" data-itemmargin=\"0\" data-itemwidth=\"180\" data-touchscroll=\"no\" data-freemode=\"no\" data-imagesize=\"auto\" data-scrollitems=\"0\" data-centeredslides=\"no\" data-rotationangle=\"50\" data-depth=\"100\" data-speed=\"500\" data-shadow=\"no\" data-pagination=\"bullets\" style=\"--awb-columns:1;--awb-column-spacing:0px;\"><div class=\"swiper-wrapper awb-image-carousel-wrapper fusion-flex-align-items-center\"><div class=\"swiper-slide\"><div class=\"fusion-carousel-item-wrapper\"><div class=\"fusion-image-wrapper hover-type-none\"><img decoding=\"async\" width=\"1200\" height=\"800\" src=\"https:\/\/echale.mx\/wp-content\/uploads\/2020\/06\/Zimatlan-003.jpg\" class=\"attachment-full size-full lazyload\" alt=\"\" srcset=\"data:image\/svg+xml,%3Csvg%20xmlns%3D%27http%3A%2F%2Fwww.w3.org%2F2000%2Fsvg%27%20width%3D%271200%27%20height%3D%27800%27%20viewBox%3D%270%200%201200%20800%27%3E%3Crect%20width%3D%271200%27%20height%3D%27800%27%20fill-opacity%3D%220%22%2F%3E%3C%2Fsvg%3E\" data-orig-src=\"https:\/\/echale.mx\/wp-content\/uploads\/2020\/06\/Zimatlan-003.jpg\" data-srcset=\"https:\/\/echale.mx\/wp-content\/uploads\/2020\/06\/Zimatlan-003-200x133.jpg 200w, https:\/\/echale.mx\/wp-content\/uploads\/2020\/06\/Zimatlan-003-300x200.jpg 300w, https:\/\/echale.mx\/wp-content\/uploads\/2020\/06\/Zimatlan-003-400x267.jpg 400w, https:\/\/echale.mx\/wp-content\/uploads\/2020\/06\/Zimatlan-003-600x400.jpg 600w, https:\/\/echale.mx\/wp-content\/uploads\/2020\/06\/Zimatlan-003-768x512.jpg 768w, https:\/\/echale.mx\/wp-content\/uploads\/2020\/06\/Zimatlan-003-800x533.jpg 800w, https:\/\/echale.mx\/wp-content\/uploads\/2020\/06\/Zimatlan-003-1024x683.jpg 1024w, https:\/\/echale.mx\/wp-content\/uploads\/2020\/06\/Zimatlan-003.jpg 1200w\" data-sizes=\"auto\" \/><\/div><\/div><\/div><div class=\"swiper-slide\"><div class=\"fusion-carousel-item-wrapper\"><div class=\"fusion-image-wrapper hover-type-none\"><img decoding=\"async\" width=\"1200\" height=\"800\" src=\"https:\/\/echale.mx\/wp-content\/uploads\/2020\/06\/Zimatlan-029.jpg\" class=\"attachment-full size-full lazyload\" alt=\"\" srcset=\"data:image\/svg+xml,%3Csvg%20xmlns%3D%27http%3A%2F%2Fwww.w3.org%2F2000%2Fsvg%27%20width%3D%271200%27%20height%3D%27800%27%20viewBox%3D%270%200%201200%20800%27%3E%3Crect%20width%3D%271200%27%20height%3D%27800%27%20fill-opacity%3D%220%22%2F%3E%3C%2Fsvg%3E\" data-orig-src=\"https:\/\/echale.mx\/wp-content\/uploads\/2020\/06\/Zimatlan-029.jpg\" data-srcset=\"https:\/\/echale.mx\/wp-content\/uploads\/2020\/06\/Zimatlan-029-200x133.jpg 200w, https:\/\/echale.mx\/wp-content\/uploads\/2020\/06\/Zimatlan-029-300x200.jpg 300w, https:\/\/echale.mx\/wp-content\/uploads\/2020\/06\/Zimatlan-029-400x267.jpg 400w, https:\/\/echale.mx\/wp-content\/uploads\/2020\/06\/Zimatlan-029-600x400.jpg 600w, https:\/\/echale.mx\/wp-content\/uploads\/2020\/06\/Zimatlan-029-768x512.jpg 768w, https:\/\/echale.mx\/wp-content\/uploads\/2020\/06\/Zimatlan-029-800x533.jpg 800w, https:\/\/echale.mx\/wp-content\/uploads\/2020\/06\/Zimatlan-029-1024x683.jpg 1024w, https:\/\/echale.mx\/wp-content\/uploads\/2020\/06\/Zimatlan-029.jpg 1200w\" data-sizes=\"auto\" \/><\/div><\/div><\/div><div class=\"swiper-slide\"><div class=\"fusion-carousel-item-wrapper\"><div class=\"fusion-image-wrapper hover-type-none\"><img decoding=\"async\" width=\"1200\" height=\"800\" src=\"https:\/\/echale.mx\/wp-content\/uploads\/2020\/06\/Zimatlan-030.jpg\" class=\"attachment-full size-full lazyload\" alt=\"\" srcset=\"data:image\/svg+xml,%3Csvg%20xmlns%3D%27http%3A%2F%2Fwww.w3.org%2F2000%2Fsvg%27%20width%3D%271200%27%20height%3D%27800%27%20viewBox%3D%270%200%201200%20800%27%3E%3Crect%20width%3D%271200%27%20height%3D%27800%27%20fill-opacity%3D%220%22%2F%3E%3C%2Fsvg%3E\" data-orig-src=\"https:\/\/echale.mx\/wp-content\/uploads\/2020\/06\/Zimatlan-030.jpg\" data-srcset=\"https:\/\/echale.mx\/wp-content\/uploads\/2020\/06\/Zimatlan-030-200x133.jpg 200w, https:\/\/echale.mx\/wp-content\/uploads\/2020\/06\/Zimatlan-030-300x200.jpg 300w, https:\/\/echale.mx\/wp-content\/uploads\/2020\/06\/Zimatlan-030-400x267.jpg 400w, https:\/\/echale.mx\/wp-content\/uploads\/2020\/06\/Zimatlan-030-600x400.jpg 600w, https:\/\/echale.mx\/wp-content\/uploads\/2020\/06\/Zimatlan-030-768x512.jpg 768w, https:\/\/echale.mx\/wp-content\/uploads\/2020\/06\/Zimatlan-030-800x533.jpg 800w, https:\/\/echale.mx\/wp-content\/uploads\/2020\/06\/Zimatlan-030-1024x683.jpg 1024w, https:\/\/echale.mx\/wp-content\/uploads\/2020\/06\/Zimatlan-030.jpg 1200w\" data-sizes=\"auto\" \/><\/div><\/div><\/div><div class=\"swiper-slide\"><div class=\"fusion-carousel-item-wrapper\"><div class=\"fusion-image-wrapper hover-type-none\"><img decoding=\"async\" width=\"1200\" height=\"800\" src=\"https:\/\/echale.mx\/wp-content\/uploads\/2020\/06\/Zimatlan-032.jpg\" class=\"attachment-full size-full lazyload\" alt=\"\" srcset=\"data:image\/svg+xml,%3Csvg%20xmlns%3D%27http%3A%2F%2Fwww.w3.org%2F2000%2Fsvg%27%20width%3D%271200%27%20height%3D%27800%27%20viewBox%3D%270%200%201200%20800%27%3E%3Crect%20width%3D%271200%27%20height%3D%27800%27%20fill-opacity%3D%220%22%2F%3E%3C%2Fsvg%3E\" data-orig-src=\"https:\/\/echale.mx\/wp-content\/uploads\/2020\/06\/Zimatlan-032.jpg\" data-srcset=\"https:\/\/echale.mx\/wp-content\/uploads\/2020\/06\/Zimatlan-032-200x133.jpg 200w, https:\/\/echale.mx\/wp-content\/uploads\/2020\/06\/Zimatlan-032-300x200.jpg 300w, https:\/\/echale.mx\/wp-content\/uploads\/2020\/06\/Zimatlan-032-400x267.jpg 400w, https:\/\/echale.mx\/wp-content\/uploads\/2020\/06\/Zimatlan-032-600x400.jpg 600w, https:\/\/echale.mx\/wp-content\/uploads\/2020\/06\/Zimatlan-032-768x512.jpg 768w, https:\/\/echale.mx\/wp-content\/uploads\/2020\/06\/Zimatlan-032-800x533.jpg 800w, https:\/\/echale.mx\/wp-content\/uploads\/2020\/06\/Zimatlan-032-1024x683.jpg 1024w, https:\/\/echale.mx\/wp-content\/uploads\/2020\/06\/Zimatlan-032.jpg 1200w\" data-sizes=\"auto\" \/><\/div><\/div><\/div><div class=\"swiper-slide\"><div class=\"fusion-carousel-item-wrapper\"><div class=\"fusion-image-wrapper hover-type-none\"><img decoding=\"async\" width=\"1200\" height=\"800\" src=\"https:\/\/echale.mx\/wp-content\/uploads\/2020\/06\/Zimatlan-053-1.jpg\" class=\"attachment-full size-full lazyload\" alt=\"\" srcset=\"data:image\/svg+xml,%3Csvg%20xmlns%3D%27http%3A%2F%2Fwww.w3.org%2F2000%2Fsvg%27%20width%3D%271200%27%20height%3D%27800%27%20viewBox%3D%270%200%201200%20800%27%3E%3Crect%20width%3D%271200%27%20height%3D%27800%27%20fill-opacity%3D%220%22%2F%3E%3C%2Fsvg%3E\" data-orig-src=\"https:\/\/echale.mx\/wp-content\/uploads\/2020\/06\/Zimatlan-053-1.jpg\" data-srcset=\"https:\/\/echale.mx\/wp-content\/uploads\/2020\/06\/Zimatlan-053-1-200x133.jpg 200w, https:\/\/echale.mx\/wp-content\/uploads\/2020\/06\/Zimatlan-053-1-300x200.jpg 300w, https:\/\/echale.mx\/wp-content\/uploads\/2020\/06\/Zimatlan-053-1-400x267.jpg 400w, https:\/\/echale.mx\/wp-content\/uploads\/2020\/06\/Zimatlan-053-1-600x400.jpg 600w, https:\/\/echale.mx\/wp-content\/uploads\/2020\/06\/Zimatlan-053-1-768x512.jpg 768w, https:\/\/echale.mx\/wp-content\/uploads\/2020\/06\/Zimatlan-053-1-800x533.jpg 800w, https:\/\/echale.mx\/wp-content\/uploads\/2020\/06\/Zimatlan-053-1-1024x683.jpg 1024w, https:\/\/echale.mx\/wp-content\/uploads\/2020\/06\/Zimatlan-053-1.jpg 1200w\" data-sizes=\"auto\" \/><\/div><\/div><\/div><div class=\"swiper-slide\"><div class=\"fusion-carousel-item-wrapper\"><div class=\"fusion-image-wrapper hover-type-none\"><img decoding=\"async\" width=\"1200\" height=\"800\" src=\"https:\/\/echale.mx\/wp-content\/uploads\/2020\/06\/Zimatlan-062.jpg\" class=\"attachment-full size-full lazyload\" alt=\"\" srcset=\"data:image\/svg+xml,%3Csvg%20xmlns%3D%27http%3A%2F%2Fwww.w3.org%2F2000%2Fsvg%27%20width%3D%271200%27%20height%3D%27800%27%20viewBox%3D%270%200%201200%20800%27%3E%3Crect%20width%3D%271200%27%20height%3D%27800%27%20fill-opacity%3D%220%22%2F%3E%3C%2Fsvg%3E\" data-orig-src=\"https:\/\/echale.mx\/wp-content\/uploads\/2020\/06\/Zimatlan-062.jpg\" data-srcset=\"https:\/\/echale.mx\/wp-content\/uploads\/2020\/06\/Zimatlan-062-200x133.jpg 200w, https:\/\/echale.mx\/wp-content\/uploads\/2020\/06\/Zimatlan-062-300x200.jpg 300w, https:\/\/echale.mx\/wp-content\/uploads\/2020\/06\/Zimatlan-062-400x267.jpg 400w, https:\/\/echale.mx\/wp-content\/uploads\/2020\/06\/Zimatlan-062-600x400.jpg 600w, https:\/\/echale.mx\/wp-content\/uploads\/2020\/06\/Zimatlan-062-768x512.jpg 768w, https:\/\/echale.mx\/wp-content\/uploads\/2020\/06\/Zimatlan-062-800x533.jpg 800w, https:\/\/echale.mx\/wp-content\/uploads\/2020\/06\/Zimatlan-062-1024x683.jpg 1024w, https:\/\/echale.mx\/wp-content\/uploads\/2020\/06\/Zimatlan-062.jpg 1200w\" data-sizes=\"auto\" \/><\/div><\/div><\/div><\/div><div class=\"awb-swiper-button awb-swiper-button-prev\"><i class=\"awb-icon-angle-left\" aria-hidden=\"true\"><\/i><\/div><div class=\"awb-swiper-button awb-swiper-button-next\"><i class=\"awb-icon-angle-right\" aria-hidden=\"true\"><\/i><\/div><\/div><\/div><div class=\"fusion-clearfix\"><\/div><\/div><\/div><div class=\"fusion-layout-column fusion_builder_column fusion-builder-column-2 fusion_builder_column_2_5 2_5 fusion-two-fifth fusion-column-last\" style=\"--awb-bg-size:cover;--awb-margin-bottom:0px;width:40%;width:calc(40% - ( ( 2% ) * 0.4 ) );\"><div class=\"fusion-column-wrapper fusion-column-has-shadow fusion-flex-column-wrapper-legacy\"><div class=\"fusion-text fusion-text-1\"><p><span style=\"font-weight: 400; font-size: 18px;\"><strong>Location:<\/strong> La Soledad, Zimatl\u00e1n, Oaxaca.<\/span><br \/>\n<span style=\"font-weight: 400; font-size: 18px;\"><strong>Number of new housings:<\/strong> 30<\/span><br \/>\n<span style=\"font-weight: 400; font-size: 18px;\"><strong>Construction year:<\/strong> 2006 <\/span><\/p>\n<\/div><div class=\"fusion-sep-clear\"><\/div><div class=\"fusion-separator fusion-full-width-sep\" style=\"margin-left: auto;margin-right: auto;margin-top:0px;margin-bottom:10px;width:100%;\"><div class=\"fusion-separator-border sep-single sep-solid\" style=\"--awb-height:20px;--awb-amount:20px;border-color:#e0dede;border-top-width:1px;\"><\/div><\/div><div class=\"fusion-sep-clear\"><\/div><div class=\"fusion-text fusion-text-2\"><p><span style=\"font-weight: 400; font-size: 17px;\">Sponsored and thanks to the support of Fundacion Azteca, this project was developed in one of the most distant and poorest communities in the central valleys in Tabasco. 30 impoverished families were benefited by social inclusion and housing self-production programs. Also thanks to the solidarity and social organization, many houses were built in hard to reach access areas. Due to this effort, ECHALE won the National Housing Award in the Social Housing Production\u2019s category.<\/span><\/p>\n<\/div><div class=\"fusion-sep-clear\"><\/div><div class=\"fusion-separator fusion-full-width-sep\" style=\"margin-left: auto;margin-right: auto;margin-top:0px;width:100%;\"><div class=\"fusion-separator-border sep-single sep-solid\" style=\"--awb-height:20px;--awb-amount:20px;border-color:#e0dede;border-top-width:1px;\"><\/div><\/div><div class=\"fusion-sep-clear\"><\/div><div class=\"fusion-sharing-box fusion-sharing-box-1 has-taglines layout-floated layout-medium-floated layout-small-floated\" style=\"background-color:#ffffff;--awb-layout:row;--awb-alignment-small:space-between;\" data-title=\"ZIMATLAN\" data-description=\"ZIMATL\u00c1N OAXACA      Ubicaci\u00f3n: La Soledad, Zimatl\u00e1n, Oaxaca.N\u00famero de viviendas reconstruidas: 30A\u00f1o de construcci\u00f3n: 2006  Proyecto apoyado por Fundaci\u00f3n Azteca en una de las regiones\" data-link=\"https:\/\/echale.mx\/en\/proyectos\/zimatlan\/\"><h4 class=\"tagline\" style=\"color:#263746;\">SHARE THIS STORY<\/h4><div class=\"fusion-social-networks sharingbox-shortcode-icon-wrapper sharingbox-shortcode-icon-wrapper-1\"><span><a href=\"https:\/\/www.facebook.com\/sharer.php?u=https%3A%2F%2Fechale.mx%2Fen%2Fproyectos%2Fzimatlan%2F&amp;t=ZIMATLAN\" target=\"_blank\" rel=\"noreferrer\" title=\"Facebook\" aria-label=\"Facebook\" data-placement=\"top\" data-toggle=\"tooltip\" data-title=\"Facebook\"><i class=\"fusion-social-network-icon fusion-tooltip fusion-facebook awb-icon-facebook\" style=\"color:#d38138;\" aria-hidden=\"true\"><\/i><\/a><\/span><span><a href=\"https:\/\/x.com\/intent\/post?text=ZIMATLAN&amp;url=https%3A%2F%2Fechale.mx%2Fen%2Fproyectos%2Fzimatlan%2F\" target=\"_blank\" rel=\"noopener noreferrer\" title=\"X\" aria-label=\"X\" data-placement=\"top\" data-toggle=\"tooltip\" data-title=\"X\"><i class=\"fusion-social-network-icon fusion-tooltip fusion-twitter awb-icon-twitter\" style=\"color:#d38138;\" aria-hidden=\"true\"><\/i><\/a><\/span><span><a href=\"https:\/\/www.linkedin.com\/shareArticle?mini=true&amp;url=https%3A%2F%2Fechale.mx%2Fen%2Fproyectos%2Fzimatlan%2F&amp;title=ZIMATLAN&amp;summary=ZIMATL%C3%81N%20%0D%0AOAXACA%20%20%20%20%20%20%20%20%20%20%20%20Ubicaci%C3%B3n%3A%20La%20Soledad%2C%20Zimatl%C3%A1n%2C%20Oaxaca.%0D%0AN%C3%BAmero%20de%20viviendas%20reconstruidas%3A%2030%0D%0AA%C3%B1o%20de%20construcci%C3%B3n%3A%202006%20%20%20Proyecto%20apoyado%20por%20Fundaci%C3%B3n%20Azteca%20en%20una%20de%20las%20regiones\" target=\"_blank\" rel=\"noopener noreferrer\" title=\"LinkedIn\" aria-label=\"LinkedIn\" data-placement=\"top\" data-toggle=\"tooltip\" data-title=\"LinkedIn\"><i class=\"fusion-social-network-icon fusion-tooltip fusion-linkedin awb-icon-linkedin\" style=\"color:#d38138;\" aria-hidden=\"true\"><\/i><\/a><\/span><\/div><\/div><div class=\"fusion-clearfix\"><\/div><\/div><\/div><\/div><\/div><div class=\"fusion-fullwidth fullwidth-box fusion-builder-row-3 nonhundred-percent-fullwidth non-hundred-percent-height-scrolling\" style=\"--awb-border-radius-top-left:0px;--awb-border-radius-top-right:0px;--awb-border-radius-bottom-right:0px;--awb-border-radius-bottom-left:0px;--awb-flex-wrap:wrap;\" ><div class=\"fusion-builder-row fusion-row\"><div class=\"fusion-layout-column fusion_builder_column fusion-builder-column-3 fusion_builder_column_1_1 1_1 fusion-one-full fusion-column-first fusion-column-last\" style=\"--awb-bg-size:cover;\"><div class=\"fusion-column-wrapper fusion-column-has-shadow fusion-flex-column-wrapper-legacy\"><div class=\"fusion-title title fusion-title-3 fusion-sep-none fusion-title-center fusion-title-text fusion-title-size-one\" style=\"--awb-margin-top-small:0px;--awb-margin-right-small:0px;--awb-margin-bottom-small:0px;--awb-margin-left-small:0px;\"><h1 class=\"fusion-title-heading title-heading-center\" style=\"margin:0;\">FIND OUT ABOUT OUR PROJECTS<\/h1><\/div><div class=\"fusion-clearfix\"><\/div><\/div><\/div><\/div><\/div><div class=\"fusion-fullwidth fullwidth-box fusion-builder-row-4 nonhundred-percent-fullwidth non-hundred-percent-height-scrolling\" style=\"--awb-border-radius-top-left:0px;--awb-border-radius-top-right:0px;--awb-border-radius-bottom-right:0px;--awb-border-radius-bottom-left:0px;--awb-padding-top:40px;--awb-padding-right:30px;--awb-padding-bottom:70px;--awb-padding-left:30px;--awb-flex-wrap:wrap;\" ><div class=\"fusion-builder-row fusion-row\"><div class=\"fusion-layout-column fusion_builder_column fusion-builder-column-4 fusion_builder_column_1_3 1_3 fusion-one-third fusion-column-first\" style=\"--awb-bg-size:cover;width:33.333333333333%;width:calc(33.333333333333% - ( ( 4% + 4% ) * 0.33333333333333 ) );margin-right: 4%;\"><div class=\"fusion-column-wrapper fusion-column-has-shadow fusion-flex-column-wrapper-legacy\"><div class=\"fusion-image-before-after-wrapper fusion-animated type-switch hover-type-together fusion-image-before-after-wrapper-1\" style=\"--awb-font-size:13px;--awb-bordersize:0px;--awb-accent-color-bg:rgba(255,255,255,0.15);--awb-transition-time:0.5s;\" data-animationtype=\"fadeInUp\" data-animationduration=\"0.6\" data-animationoffset=\"top-into-view\"><div class=\"fusion-image-before-after-element fusion-image-switch fusion-image-before-after-1\"><a class=\"fusion-image-switch-link\" href=\"https:\/\/echale.mx\/en\/proyectos\/echale-mex\/\" target=\"_self\"><img decoding=\"async\" class=\"fusion-image-switch-before lazyload\" src=\"data:image\/svg+xml,%3Csvg%20xmlns%3D%27http%3A%2F%2Fwww.w3.org%2F2000%2Fsvg%27%20width%3D%271200%27%20height%3D%27800%27%20viewBox%3D%270%200%201200%20800%27%3E%3Crect%20width%3D%271200%27%20height%3D%27800%27%20fill-opacity%3D%220%22%2F%3E%3C%2Fsvg%3E\" width=\"1200\" height=\"800\" data-orig-src=\"https:\/\/echale.mx\/wp-content\/uploads\/2022\/09\/echalemexico.jpg\"><img decoding=\"async\" class=\"fusion-image-switch-after lazyload\" src=\"data:image\/svg+xml,%3Csvg%20xmlns%3D%27http%3A%2F%2Fwww.w3.org%2F2000%2Fsvg%27%20width%3D%271200%27%20height%3D%27800%27%20viewBox%3D%270%200%201200%20800%27%3E%3Crect%20width%3D%271200%27%20height%3D%27800%27%20fill-opacity%3D%220%22%2F%3E%3C%2Fsvg%3E\" width=\"1200\" height=\"800\" data-orig-src=\"https:\/\/echale.mx\/wp-content\/uploads\/2022\/09\/echalemexico-2.jpg\"><\/a><\/div><\/div><div class=\"fusion-clearfix\"><\/div><\/div><\/div><div class=\"fusion-layout-column fusion_builder_column fusion-builder-column-5 fusion_builder_column_1_3 1_3 fusion-one-third\" style=\"--awb-bg-size:cover;width:33.333333333333%;width:calc(33.333333333333% - ( ( 4% + 4% ) * 0.33333333333333 ) );margin-right: 4%;\"><div class=\"fusion-column-wrapper fusion-column-has-shadow fusion-flex-column-wrapper-legacy\"><div class=\"fusion-image-before-after-wrapper fusion-animated type-switch hover-type-together fusion-image-before-after-wrapper-2\" style=\"--awb-font-size:13px;--awb-bordersize:0px;--awb-accent-color-bg:rgba(255,255,255,0.15);--awb-transition-time:0.5s;\" data-animationtype=\"fadeInUp\" data-animationduration=\"0.6\" data-animationoffset=\"top-into-view\"><div class=\"fusion-image-before-after-element fusion-image-switch fusion-image-before-after-2\"><a class=\"fusion-image-switch-link\" href=\"https:\/\/echale.mx\/en\/proyectos\/venta-vieja\/\" target=\"_self\"><img decoding=\"async\" class=\"fusion-image-switch-before lazyload\" src=\"data:image\/svg+xml,%3Csvg%20xmlns%3D%27http%3A%2F%2Fwww.w3.org%2F2000%2Fsvg%27%20width%3D%271200%27%20height%3D%27800%27%20viewBox%3D%270%200%201200%20800%27%3E%3Crect%20width%3D%271200%27%20height%3D%27800%27%20fill-opacity%3D%220%22%2F%3E%3C%2Fsvg%3E\" width=\"1200\" height=\"800\" data-orig-src=\"https:\/\/echale.mx\/wp-content\/uploads\/2020\/06\/IMG_0390FINAL-OKa.jpg\"><img decoding=\"async\" class=\"fusion-image-switch-after lazyload\" src=\"data:image\/svg+xml,%3Csvg%20xmlns%3D%27http%3A%2F%2Fwww.w3.org%2F2000%2Fsvg%27%20width%3D%271200%27%20height%3D%27800%27%20viewBox%3D%270%200%201200%20800%27%3E%3Crect%20width%3D%271200%27%20height%3D%27800%27%20fill-opacity%3D%220%22%2F%3E%3C%2Fsvg%3E\" width=\"1200\" height=\"800\" data-orig-src=\"https:\/\/echale.mx\/wp-content\/uploads\/2020\/06\/IMG_0390FINAL-HOVER.jpg\"><\/a><\/div><\/div><div class=\"fusion-clearfix\"><\/div><\/div><\/div><div class=\"fusion-layout-column fusion_builder_column fusion-builder-column-6 fusion_builder_column_1_3 1_3 fusion-one-third fusion-column-last\" style=\"--awb-bg-size:cover;width:33.333333333333%;width:calc(33.333333333333% - ( ( 4% + 4% ) * 0.33333333333333 ) );\"><div class=\"fusion-column-wrapper fusion-column-has-shadow fusion-flex-column-wrapper-legacy\"><div class=\"fusion-image-before-after-wrapper fusion-animated type-switch hover-type-together fusion-image-before-after-wrapper-3\" style=\"--awb-font-size:13px;--awb-bordersize:0px;--awb-accent-color-bg:rgba(255,255,255,0.15);--awb-transition-time:0.5s;\" data-animationtype=\"fadeInUp\" data-animationduration=\"0.6\" data-animationoffset=\"top-into-view\"><div class=\"fusion-image-before-after-element fusion-image-switch fusion-image-before-after-3\"><a class=\"fusion-image-switch-link\" href=\"https:\/\/echale.mx\/en\/proyectos\/tenosique\/\" target=\"_self\"><img decoding=\"async\" class=\"fusion-image-switch-before lazyload\" src=\"data:image\/svg+xml,%3Csvg%20xmlns%3D%27http%3A%2F%2Fwww.w3.org%2F2000%2Fsvg%27%20width%3D%271200%27%20height%3D%27800%27%20viewBox%3D%270%200%201200%20800%27%3E%3Crect%20width%3D%271200%27%20height%3D%27800%27%20fill-opacity%3D%220%22%2F%3E%3C%2Fsvg%3E\" width=\"1200\" height=\"800\" data-orig-src=\"https:\/\/echale.mx\/wp-content\/uploads\/2020\/06\/Tenosique-Tabasco-Policias-31-OKa.jpg\"><img decoding=\"async\" class=\"fusion-image-switch-after lazyload\" src=\"data:image\/svg+xml,%3Csvg%20xmlns%3D%27http%3A%2F%2Fwww.w3.org%2F2000%2Fsvg%27%20width%3D%271200%27%20height%3D%27800%27%20viewBox%3D%270%200%201200%20800%27%3E%3Crect%20width%3D%271200%27%20height%3D%27800%27%20fill-opacity%3D%220%22%2F%3E%3C%2Fsvg%3E\" width=\"1200\" height=\"800\" data-orig-src=\"https:\/\/echale.mx\/wp-content\/uploads\/2020\/06\/Tenosique-HOVER.jpg\"><\/a><\/div><\/div><div class=\"fusion-clearfix\"><\/div><\/div><\/div><\/div><\/div><\/p>","protected":false},"excerpt":{"rendered":"","protected":false},"author":2,"featured_media":0,"parent":13,"menu_order":0,"comment_status":"closed","ping_status":"closed","template":"100-width.php","meta":{"nf_dc_page":"","_monsterinsights_skip_tracking":false,"_monsterinsights_sitenote_active":false,"_monsterinsights_sitenote_note":"","_monsterinsights_sitenote_category":0,"footnotes":""},"class_list":["post-1018","page","type-page","status-publish","hentry"],"_links":{"self":[{"href":"https:\/\/echale.mx\/en\/wp-json\/wp\/v2\/pages\/1018","targetHints":{"allow":["GET"]}}],"collection":[{"href":"https:\/\/echale.mx\/en\/wp-json\/wp\/v2\/pages"}],"about":[{"href":"https:\/\/echale.mx\/en\/wp-json\/wp\/v2\/types\/page"}],"author":[{"embeddable":true,"href":"https:\/\/echale.mx\/en\/wp-json\/wp\/v2\/users\/2"}],"replies":[{"embeddable":true,"href":"https:\/\/echale.mx\/en\/wp-json\/wp\/v2\/comments?post=1018"}],"version-history":[{"count":5,"href":"https:\/\/echale.mx\/en\/wp-json\/wp\/v2\/pages\/1018\/revisions"}],"predecessor-version":[{"id":2461,"href":"https:\/\/echale.mx\/en\/wp-json\/wp\/v2\/pages\/1018\/revisions\/2461"}],"up":[{"embeddable":true,"href":"https:\/\/echale.mx\/en\/wp-json\/wp\/v2\/pages\/13"}],"wp:attachment":[{"href":"https:\/\/echale.mx\/en\/wp-json\/wp\/v2\/media?parent=1018"}],"curies":[{"name":"wp","href":"https:\/\/api.w.org\/{rel}","templated":true}]}}