{"id":1020,"date":"2020-06-02T16:09:16","date_gmt":"2020-06-02T16:09:16","guid":{"rendered":"https:\/\/echale.mx\/?page_id=1020"},"modified":"2022-09-27T20:58:22","modified_gmt":"2022-09-27T20:58:22","slug":"venta-vieja","status":"publish","type":"page","link":"https:\/\/echale.mx\/en\/proyectos\/venta-vieja\/","title":{"rendered":"VENTA VIEJA"},"content":{"rendered":"<p><div class=\"fusion-bg-parallax\" data-bg-align=\"center center\" data-direction=\"down\" data-mute=\"false\" data-opacity=\"100\" data-velocity=\"-0.6\" data-mobile-enabled=\"false\" data-break_parents=\"0\" data-bg-image=\"https:\/\/echale.mx\/wp-content\/uploads\/2015\/02\/Portada-OKa-1-e1591039555640.jpg\" data-bg-repeat=\"false\" ><\/div><div class=\"fusion-fullwidth fullwidth-box fusion-builder-row-1 fusion-parallax-down nonhundred-percent-fullwidth non-hundred-percent-height-scrolling lazyload\" style=\"--awb-border-radius-top-left:0px;--awb-border-radius-top-right:0px;--awb-border-radius-bottom-right:0px;--awb-border-radius-bottom-left:0px;--awb-padding-top:80px;--awb-padding-right:30px;--awb-padding-bottom:80px;--awb-padding-left:30px;--awb-background-size:cover;--awb-flex-wrap:wrap;\" data-bg=\"https:\/\/echale.mx\/wp-content\/uploads\/2015\/02\/Portada-OKa-1-e1591039555640.jpg\" ><div class=\"fusion-builder-row fusion-row\"><div class=\"fusion-layout-column fusion_builder_column fusion-builder-column-0 fusion_builder_column_1_1 1_1 fusion-one-full fusion-column-first fusion-column-last\" style=\"--awb-bg-size:cover;\"><div class=\"fusion-column-wrapper fusion-column-has-shadow fusion-flex-column-wrapper-legacy\"><div class=\"fusion-title title fusion-title-1 fusion-sep-none fusion-title-center fusion-title-text fusion-title-size-one\" style=\"--awb-text-color:#ffffff;--awb-margin-top:50px;--awb-margin-top-small:50px;--awb-margin-right-small:0px;--awb-margin-left-small:0px;--awb-font-size:60px;\"><h1 class=\"fusion-title-heading title-heading-center\" style=\"margin:0;letter-spacing:1px;font-size:1em;\"><strong>VENTA VIEJA<\/strong><\/h1><\/div><div class=\"fusion-title title fusion-title-2 fusion-sep-none fusion-title-center fusion-title-text fusion-title-size-one\" style=\"--awb-text-color:#ffffff;--awb-margin-bottom:50px;--awb-margin-right-small:0px;--awb-margin-bottom-small:50px;--awb-margin-left-small:0px;--awb-font-size:40px;\"><h1 class=\"fusion-title-heading title-heading-center\" style=\"margin:0;font-size:1em;\">GUERRERO<\/h1><\/div><div class=\"fusion-clearfix\"><\/div><\/div><\/div><\/div><\/div><div class=\"fusion-fullwidth fullwidth-box fusion-builder-row-2 nonhundred-percent-fullwidth non-hundred-percent-height-scrolling\" style=\"--awb-border-radius-top-left:0px;--awb-border-radius-top-right:0px;--awb-border-radius-bottom-right:0px;--awb-border-radius-bottom-left:0px;--awb-padding-top:70px;--awb-padding-right:30px;--awb-padding-bottom:70px;--awb-padding-left:30px;--awb-flex-wrap:wrap;\" ><div class=\"fusion-builder-row fusion-row\"><div class=\"fusion-layout-column fusion_builder_column fusion-builder-column-1 fusion_builder_column_3_5 3_5 fusion-three-fifth fusion-column-first fusion-animated\" style=\"--awb-bg-size:cover;--awb-margin-bottom:0px;width:60%;width:calc(60% - ( ( 2% ) * 0.6 ) );margin-right: 2%;\" data-animationtype=\"fadeIn\" data-animationduration=\"0.3\" data-animationoffset=\"top-into-view\"><div class=\"fusion-column-wrapper fusion-column-has-shadow fusion-flex-column-wrapper-legacy\"><div class=\"fusion-image-carousel fusion-image-carousel-auto fusion-image-carousel-1\"><div class=\"awb-carousel awb-swiper awb-swiper-carousel awb-carousel--carousel awb-swiper-dots-position-bottom\" data-layout=\"carousel\" data-autoplay=\"yes\" data-autoplayspeed=\"2500\" data-autoplaypause=\"no\" data-loop=\"yes\" data-columns=\"1\" data-columnsmedium=\"1\" data-columnssmall=\"1\" data-itemmargin=\"0\" data-itemwidth=\"180\" data-touchscroll=\"no\" data-freemode=\"no\" data-imagesize=\"auto\" data-scrollitems=\"0\" data-centeredslides=\"no\" data-rotationangle=\"50\" data-depth=\"100\" data-speed=\"500\" data-shadow=\"no\" data-pagination=\"bullets\" style=\"--awb-columns:1;--awb-column-spacing:0px;\"><div class=\"swiper-wrapper awb-image-carousel-wrapper fusion-flex-align-items-center\"><div class=\"swiper-slide\"><div class=\"fusion-carousel-item-wrapper\"><div class=\"fusion-image-wrapper hover-type-none\"><img decoding=\"async\" width=\"800\" height=\"600\" src=\"https:\/\/echale.mx\/wp-content\/uploads\/2020\/06\/IMG_8192-OKa.jpg\" class=\"attachment-full size-full lazyload\" alt=\"\" srcset=\"data:image\/svg+xml,%3Csvg%20xmlns%3D%27http%3A%2F%2Fwww.w3.org%2F2000%2Fsvg%27%20width%3D%27800%27%20height%3D%27600%27%20viewBox%3D%270%200%20800%20600%27%3E%3Crect%20width%3D%27800%27%20height%3D%27600%27%20fill-opacity%3D%220%22%2F%3E%3C%2Fsvg%3E\" data-orig-src=\"https:\/\/echale.mx\/wp-content\/uploads\/2020\/06\/IMG_8192-OKa.jpg\" data-srcset=\"https:\/\/echale.mx\/wp-content\/uploads\/2020\/06\/IMG_8192-OKa-200x150.jpg 200w, https:\/\/echale.mx\/wp-content\/uploads\/2020\/06\/IMG_8192-OKa-300x225.jpg 300w, https:\/\/echale.mx\/wp-content\/uploads\/2020\/06\/IMG_8192-OKa-400x300.jpg 400w, https:\/\/echale.mx\/wp-content\/uploads\/2020\/06\/IMG_8192-OKa-600x450.jpg 600w, https:\/\/echale.mx\/wp-content\/uploads\/2020\/06\/IMG_8192-OKa-768x576.jpg 768w, https:\/\/echale.mx\/wp-content\/uploads\/2020\/06\/IMG_8192-OKa.jpg 800w\" data-sizes=\"auto\" \/><\/div><\/div><\/div><div class=\"swiper-slide\"><div class=\"fusion-carousel-item-wrapper\"><div class=\"fusion-image-wrapper hover-type-none\"><img decoding=\"async\" width=\"800\" height=\"600\" src=\"https:\/\/echale.mx\/wp-content\/uploads\/2020\/06\/IMG_1669-OK-1.jpg\" class=\"attachment-full size-full lazyload\" alt=\"\" srcset=\"data:image\/svg+xml,%3Csvg%20xmlns%3D%27http%3A%2F%2Fwww.w3.org%2F2000%2Fsvg%27%20width%3D%27800%27%20height%3D%27600%27%20viewBox%3D%270%200%20800%20600%27%3E%3Crect%20width%3D%27800%27%20height%3D%27600%27%20fill-opacity%3D%220%22%2F%3E%3C%2Fsvg%3E\" data-orig-src=\"https:\/\/echale.mx\/wp-content\/uploads\/2020\/06\/IMG_1669-OK-1.jpg\" data-srcset=\"https:\/\/echale.mx\/wp-content\/uploads\/2020\/06\/IMG_1669-OK-1-200x150.jpg 200w, https:\/\/echale.mx\/wp-content\/uploads\/2020\/06\/IMG_1669-OK-1-300x225.jpg 300w, https:\/\/echale.mx\/wp-content\/uploads\/2020\/06\/IMG_1669-OK-1-400x300.jpg 400w, https:\/\/echale.mx\/wp-content\/uploads\/2020\/06\/IMG_1669-OK-1-600x450.jpg 600w, https:\/\/echale.mx\/wp-content\/uploads\/2020\/06\/IMG_1669-OK-1-768x576.jpg 768w, https:\/\/echale.mx\/wp-content\/uploads\/2020\/06\/IMG_1669-OK-1.jpg 800w\" data-sizes=\"auto\" \/><\/div><\/div><\/div><div class=\"swiper-slide\"><div class=\"fusion-carousel-item-wrapper\"><div class=\"fusion-image-wrapper hover-type-none\"><img decoding=\"async\" width=\"800\" height=\"600\" src=\"https:\/\/echale.mx\/wp-content\/uploads\/2020\/06\/IMG_0117FINALa.jpg\" class=\"attachment-full size-full lazyload\" alt=\"\" srcset=\"data:image\/svg+xml,%3Csvg%20xmlns%3D%27http%3A%2F%2Fwww.w3.org%2F2000%2Fsvg%27%20width%3D%27800%27%20height%3D%27600%27%20viewBox%3D%270%200%20800%20600%27%3E%3Crect%20width%3D%27800%27%20height%3D%27600%27%20fill-opacity%3D%220%22%2F%3E%3C%2Fsvg%3E\" data-orig-src=\"https:\/\/echale.mx\/wp-content\/uploads\/2020\/06\/IMG_0117FINALa.jpg\" data-srcset=\"https:\/\/echale.mx\/wp-content\/uploads\/2020\/06\/IMG_0117FINALa-200x150.jpg 200w, https:\/\/echale.mx\/wp-content\/uploads\/2020\/06\/IMG_0117FINALa-300x225.jpg 300w, https:\/\/echale.mx\/wp-content\/uploads\/2020\/06\/IMG_0117FINALa-400x300.jpg 400w, https:\/\/echale.mx\/wp-content\/uploads\/2020\/06\/IMG_0117FINALa-600x450.jpg 600w, https:\/\/echale.mx\/wp-content\/uploads\/2020\/06\/IMG_0117FINALa-768x576.jpg 768w, https:\/\/echale.mx\/wp-content\/uploads\/2020\/06\/IMG_0117FINALa.jpg 800w\" data-sizes=\"auto\" \/><\/div><\/div><\/div><div class=\"swiper-slide\"><div class=\"fusion-carousel-item-wrapper\"><div class=\"fusion-image-wrapper hover-type-none\"><img decoding=\"async\" width=\"800\" height=\"600\" src=\"https:\/\/echale.mx\/wp-content\/uploads\/2020\/06\/IMG_0324-OKa.jpg\" class=\"attachment-full size-full lazyload\" alt=\"\" srcset=\"data:image\/svg+xml,%3Csvg%20xmlns%3D%27http%3A%2F%2Fwww.w3.org%2F2000%2Fsvg%27%20width%3D%27800%27%20height%3D%27600%27%20viewBox%3D%270%200%20800%20600%27%3E%3Crect%20width%3D%27800%27%20height%3D%27600%27%20fill-opacity%3D%220%22%2F%3E%3C%2Fsvg%3E\" data-orig-src=\"https:\/\/echale.mx\/wp-content\/uploads\/2020\/06\/IMG_0324-OKa.jpg\" data-srcset=\"https:\/\/echale.mx\/wp-content\/uploads\/2020\/06\/IMG_0324-OKa-200x150.jpg 200w, https:\/\/echale.mx\/wp-content\/uploads\/2020\/06\/IMG_0324-OKa-300x225.jpg 300w, https:\/\/echale.mx\/wp-content\/uploads\/2020\/06\/IMG_0324-OKa-400x300.jpg 400w, https:\/\/echale.mx\/wp-content\/uploads\/2020\/06\/IMG_0324-OKa-600x450.jpg 600w, https:\/\/echale.mx\/wp-content\/uploads\/2020\/06\/IMG_0324-OKa-768x576.jpg 768w, https:\/\/echale.mx\/wp-content\/uploads\/2020\/06\/IMG_0324-OKa.jpg 800w\" data-sizes=\"auto\" \/><\/div><\/div><\/div><div class=\"swiper-slide\"><div class=\"fusion-carousel-item-wrapper\"><div class=\"fusion-image-wrapper hover-type-none\"><img decoding=\"async\" width=\"800\" height=\"600\" src=\"https:\/\/echale.mx\/wp-content\/uploads\/2020\/06\/IMG_1669-OKa.jpg\" class=\"attachment-full size-full lazyload\" alt=\"\" srcset=\"data:image\/svg+xml,%3Csvg%20xmlns%3D%27http%3A%2F%2Fwww.w3.org%2F2000%2Fsvg%27%20width%3D%27800%27%20height%3D%27600%27%20viewBox%3D%270%200%20800%20600%27%3E%3Crect%20width%3D%27800%27%20height%3D%27600%27%20fill-opacity%3D%220%22%2F%3E%3C%2Fsvg%3E\" data-orig-src=\"https:\/\/echale.mx\/wp-content\/uploads\/2020\/06\/IMG_1669-OKa.jpg\" data-srcset=\"https:\/\/echale.mx\/wp-content\/uploads\/2020\/06\/IMG_1669-OKa-200x150.jpg 200w, https:\/\/echale.mx\/wp-content\/uploads\/2020\/06\/IMG_1669-OKa-300x225.jpg 300w, https:\/\/echale.mx\/wp-content\/uploads\/2020\/06\/IMG_1669-OKa-400x300.jpg 400w, https:\/\/echale.mx\/wp-content\/uploads\/2020\/06\/IMG_1669-OKa-600x450.jpg 600w, https:\/\/echale.mx\/wp-content\/uploads\/2020\/06\/IMG_1669-OKa-768x576.jpg 768w, https:\/\/echale.mx\/wp-content\/uploads\/2020\/06\/IMG_1669-OKa.jpg 800w\" data-sizes=\"auto\" \/><\/div><\/div><\/div><\/div><div class=\"awb-swiper-button awb-swiper-button-prev\"><i class=\"awb-icon-angle-left\" aria-hidden=\"true\"><\/i><\/div><div class=\"awb-swiper-button awb-swiper-button-next\"><i class=\"awb-icon-angle-right\" aria-hidden=\"true\"><\/i><\/div><\/div><\/div><div class=\"fusion-clearfix\"><\/div><\/div><\/div><div class=\"fusion-layout-column fusion_builder_column fusion-builder-column-2 fusion_builder_column_2_5 2_5 fusion-two-fifth fusion-column-last fusion-animated\" style=\"--awb-padding-top:15px;--awb-bg-size:cover;--awb-margin-bottom:0px;width:40%;width:calc(40% - ( ( 2% ) * 0.4 ) );\" data-animationtype=\"fadeIn\" data-animationduration=\"0.6\" data-animationoffset=\"top-into-view\"><div class=\"fusion-column-wrapper fusion-column-has-shadow fusion-flex-column-wrapper-legacy\"><div class=\"fusion-text fusion-text-1\"><p><span style=\"font-weight: 400; font-size: 18px;\"><strong>Location:<\/strong> Venta Vieja, Guerrero.\u00a0<\/span><br \/>\n<span style=\"font-weight: 400; font-size: 18px;\"><strong>Number of new housings:<\/strong> 112<\/span><br \/>\n<span style=\"font-weight: 400; font-size: 18px;\"><strong>Construction year:<\/strong> 2013 <\/span><\/p>\n<\/div><div class=\"fusion-sep-clear\"><\/div><div class=\"fusion-separator fusion-full-width-sep\" style=\"margin-left: auto;margin-right: auto;margin-top:10px;margin-bottom:10px;width:100%;\"><div class=\"fusion-separator-border sep-single sep-solid\" style=\"--awb-height:20px;--awb-amount:20px;border-color:#e0dede;border-top-width:2px;\"><\/div><\/div><div class=\"fusion-sep-clear\"><\/div><div class=\"fusion-text fusion-text-2\"><p><span style=\"font-weight: 400;\">Hurricanes Ingrid and Manuel hit and destroyed<\/span> <span style=\"font-weight: 400;\">Venta Vieja\u2019s town. Thanks to the teamwork among the local government, several foundations and the society, the community was relocated and many houses, better roadways, lighting and water infrastructure and schools were built in addition to a church at the request of the neighbors.<\/span><\/p>\n<\/div><div class=\"fusion-sep-clear\"><\/div><div class=\"fusion-separator fusion-full-width-sep\" style=\"margin-left: auto;margin-right: auto;margin-top:10px;margin-bottom:10px;width:100%;\"><div class=\"fusion-separator-border sep-single sep-solid\" style=\"--awb-height:20px;--awb-amount:20px;border-color:#e0dede;border-top-width:2px;\"><\/div><\/div><div class=\"fusion-sep-clear\"><\/div><div class=\"fusion-sharing-box fusion-sharing-box-1 has-taglines layout-floated layout-medium-floated layout-small-floated\" style=\"background-color:#ffffff;--awb-layout:row;--awb-alignment-small:space-between;\" data-title=\"COMPARTE\" data-description=\"VENTA VIEJA GUERRERO      Ubicaci\u00f3n: Venta Vieja, Guerrero.\u00a0N\u00famero de viviendas reconstruidas: 112A\u00f1o de construcci\u00f3n: 2013  Los huracanes Ingrid y Manuel destruyeron la comunidad de Venta Vieja,\" data-link=\"https:\/\/echale.mx\/en\/proyectos\/venta-vieja\/\"><h4 class=\"tagline\" style=\"color:#263746;\">SHARE THIS STORY<\/h4><div class=\"fusion-social-networks sharingbox-shortcode-icon-wrapper sharingbox-shortcode-icon-wrapper-1\"><span><a href=\"https:\/\/www.facebook.com\/sharer.php?u=https%3A%2F%2Fechale.mx%2Fen%2Fproyectos%2Fventa-vieja%2F&amp;t=COMPARTE\" target=\"_blank\" rel=\"noreferrer\" title=\"Facebook\" aria-label=\"Facebook\" data-placement=\"top\" data-toggle=\"tooltip\" data-title=\"Facebook\"><i class=\"fusion-social-network-icon fusion-tooltip fusion-facebook awb-icon-facebook\" style=\"color:#d38138;\" aria-hidden=\"true\"><\/i><\/a><\/span><span><a href=\"https:\/\/x.com\/intent\/post?text=COMPARTE&amp;url=https%3A%2F%2Fechale.mx%2Fen%2Fproyectos%2Fventa-vieja%2F\" target=\"_blank\" rel=\"noopener noreferrer\" title=\"X\" aria-label=\"X\" data-placement=\"top\" data-toggle=\"tooltip\" data-title=\"X\"><i class=\"fusion-social-network-icon fusion-tooltip fusion-twitter awb-icon-twitter\" style=\"color:#d38138;\" aria-hidden=\"true\"><\/i><\/a><\/span><span><a href=\"https:\/\/www.linkedin.com\/shareArticle?mini=true&amp;url=https%3A%2F%2Fechale.mx%2Fen%2Fproyectos%2Fventa-vieja%2F&amp;title=COMPARTE&amp;summary=VENTA%20VIEJA%20%0D%0AGUERRERO%20%20%20%20%20%20%20%20%20%20%20Ubicaci%C3%B3n%3A%20Venta%20Vieja%2C%20Guerrero.%C2%A0%0D%0AN%C3%BAmero%20de%20viviendas%20reconstruidas%3A%20112%0D%0AA%C3%B1o%20de%20construcci%C3%B3n%3A%202013%20%20%20%0D%0ALos%20huracanes%20Ingrid%20y%20Manuel%20destruyeron%20la%20comunidad%20de%20Venta%20Vieja%2C\" target=\"_blank\" rel=\"noopener noreferrer\" title=\"LinkedIn\" aria-label=\"LinkedIn\" data-placement=\"top\" data-toggle=\"tooltip\" data-title=\"LinkedIn\"><i class=\"fusion-social-network-icon fusion-tooltip fusion-linkedin awb-icon-linkedin\" style=\"color:#d38138;\" aria-hidden=\"true\"><\/i><\/a><\/span><\/div><\/div><div class=\"fusion-clearfix\"><\/div><\/div><\/div><\/div><\/div><div class=\"fusion-fullwidth fullwidth-box fusion-builder-row-3 nonhundred-percent-fullwidth non-hundred-percent-height-scrolling\" style=\"--awb-border-radius-top-left:0px;--awb-border-radius-top-right:0px;--awb-border-radius-bottom-right:0px;--awb-border-radius-bottom-left:0px;--awb-flex-wrap:wrap;\" ><div class=\"fusion-builder-row fusion-row\"><div class=\"fusion-layout-column fusion_builder_column fusion-builder-column-3 fusion_builder_column_1_1 1_1 fusion-one-full fusion-column-first fusion-column-last\" style=\"--awb-bg-size:cover;\"><div class=\"fusion-column-wrapper fusion-column-has-shadow fusion-flex-column-wrapper-legacy\"><div class=\"fusion-title title fusion-title-3 fusion-sep-none fusion-title-center fusion-title-text fusion-title-size-one\" style=\"--awb-margin-top-small:0px;--awb-margin-right-small:0px;--awb-margin-bottom-small:0px;--awb-margin-left-small:0px;\"><h1 class=\"fusion-title-heading title-heading-center\" style=\"margin:0;\">FIND OUT ABOUT OUR PROJECTS<\/h1><\/div><div class=\"fusion-clearfix\"><\/div><\/div><\/div><\/div><\/div><div class=\"fusion-fullwidth fullwidth-box fusion-builder-row-4 nonhundred-percent-fullwidth non-hundred-percent-height-scrolling\" style=\"--awb-border-radius-top-left:0px;--awb-border-radius-top-right:0px;--awb-border-radius-bottom-right:0px;--awb-border-radius-bottom-left:0px;--awb-padding-top:40px;--awb-padding-right:30px;--awb-padding-bottom:70px;--awb-padding-left:30px;--awb-flex-wrap:wrap;\" ><div class=\"fusion-builder-row fusion-row\"><div class=\"fusion-layout-column fusion_builder_column fusion-builder-column-4 fusion_builder_column_1_3 1_3 fusion-one-third fusion-column-first fusion-animated\" style=\"--awb-bg-size:cover;width:33.333333333333%;width:calc(33.333333333333% - ( ( 4% + 4% ) * 0.33333333333333 ) );margin-right: 4%;\" data-animationtype=\"fadeInUp\" data-animationduration=\"0.6\" data-animationoffset=\"top-into-view\"><div class=\"fusion-column-wrapper fusion-column-has-shadow fusion-flex-column-wrapper-legacy\"><div class=\"fusion-image-before-after-wrapper fusion-animated type-switch hover-type-together fusion-image-before-after-wrapper-1\" style=\"--awb-font-size:13px;--awb-bordersize:0px;--awb-accent-color-bg:rgba(255,255,255,0.15);--awb-transition-time:0.5s;\" data-animationtype=\"fadeInUp\" data-animationduration=\"0.3\" data-animationoffset=\"top-into-view\"><div class=\"fusion-image-before-after-element fusion-image-switch fusion-image-before-after-1\"><a class=\"fusion-image-switch-link\" href=\"https:\/\/echale.mx\/en\/proyectos\/escarcega\/\" target=\"_self\"><img decoding=\"async\" class=\"fusion-image-switch-before lazyload\" src=\"data:image\/svg+xml,%3Csvg%20xmlns%3D%27http%3A%2F%2Fwww.w3.org%2F2000%2Fsvg%27%20width%3D%271200%27%20height%3D%27800%27%20viewBox%3D%270%200%201200%20800%27%3E%3Crect%20width%3D%271200%27%20height%3D%27800%27%20fill-opacity%3D%220%22%2F%3E%3C%2Fsvg%3E\" width=\"800\" height=\"533\" data-orig-src=\"https:\/\/echale.mx\/wp-content\/uploads\/2020\/06\/IMG_0085-OKa-800x533.jpg\"><img decoding=\"async\" class=\"fusion-image-switch-after lazyload\" src=\"data:image\/svg+xml,%3Csvg%20xmlns%3D%27http%3A%2F%2Fwww.w3.org%2F2000%2Fsvg%27%20width%3D%271200%27%20height%3D%27800%27%20viewBox%3D%270%200%201200%20800%27%3E%3Crect%20width%3D%271200%27%20height%3D%27800%27%20fill-opacity%3D%220%22%2F%3E%3C%2Fsvg%3E\" width=\"800\" height=\"533\" data-orig-src=\"https:\/\/echale.mx\/wp-content\/uploads\/2020\/06\/IMG_0085-HOVER-800x533.jpg\"><\/a><\/div><\/div><div class=\"fusion-clearfix\"><\/div><\/div><\/div><div class=\"fusion-layout-column fusion_builder_column fusion-builder-column-5 fusion_builder_column_1_3 1_3 fusion-one-third fusion-animated\" style=\"--awb-bg-size:cover;width:33.333333333333%;width:calc(33.333333333333% - ( ( 4% + 4% ) * 0.33333333333333 ) );margin-right: 4%;\" data-animationtype=\"fadeInUp\" data-animationduration=\"0.3\" data-animationoffset=\"top-into-view\"><div class=\"fusion-column-wrapper fusion-column-has-shadow fusion-flex-column-wrapper-legacy\"><div class=\"fusion-image-before-after-wrapper fusion-animated type-switch hover-type-together fusion-image-before-after-wrapper-2\" style=\"--awb-font-size:13px;--awb-bordersize:0px;--awb-accent-color-bg:rgba(255,255,255,0.15);--awb-transition-time:0.5s;\" data-animationtype=\"fadeInUp\" data-animationduration=\"0.6\" data-animationoffset=\"top-into-view\"><div class=\"fusion-image-before-after-element fusion-image-switch fusion-image-before-after-2\"><a class=\"fusion-image-switch-link\" href=\"https:\/\/echale.mx\/en\/proyectos\/echale-mex\/\" target=\"_self\"><img decoding=\"async\" class=\"fusion-image-switch-before lazyload\" src=\"data:image\/svg+xml,%3Csvg%20xmlns%3D%27http%3A%2F%2Fwww.w3.org%2F2000%2Fsvg%27%20width%3D%271200%27%20height%3D%27800%27%20viewBox%3D%270%200%201200%20800%27%3E%3Crect%20width%3D%271200%27%20height%3D%27800%27%20fill-opacity%3D%220%22%2F%3E%3C%2Fsvg%3E\" width=\"1200\" height=\"800\" data-orig-src=\"https:\/\/echale.mx\/wp-content\/uploads\/2022\/09\/echalemexico.jpg\"><img decoding=\"async\" class=\"fusion-image-switch-after lazyload\" src=\"data:image\/svg+xml,%3Csvg%20xmlns%3D%27http%3A%2F%2Fwww.w3.org%2F2000%2Fsvg%27%20width%3D%271200%27%20height%3D%27800%27%20viewBox%3D%270%200%201200%20800%27%3E%3Crect%20width%3D%271200%27%20height%3D%27800%27%20fill-opacity%3D%220%22%2F%3E%3C%2Fsvg%3E\" width=\"1200\" height=\"800\" data-orig-src=\"https:\/\/echale.mx\/wp-content\/uploads\/2022\/09\/echalemexico-2.jpg\"><\/a><\/div><\/div><div class=\"fusion-clearfix\"><\/div><\/div><\/div><div class=\"fusion-layout-column fusion_builder_column fusion-builder-column-6 fusion_builder_column_1_3 1_3 fusion-one-third fusion-column-last\" style=\"--awb-bg-size:cover;width:33.333333333333%;width:calc(33.333333333333% - ( ( 4% + 4% ) * 0.33333333333333 ) );\"><div class=\"fusion-column-wrapper fusion-column-has-shadow fusion-flex-column-wrapper-legacy\"><div class=\"fusion-image-before-after-wrapper fusion-animated type-switch hover-type-together fusion-image-before-after-wrapper-3\" style=\"--awb-font-size:13px;--awb-bordersize:0px;--awb-accent-color-bg:rgba(255,255,255,0.15);--awb-transition-time:0.5s;\" data-animationtype=\"fadeInUp\" data-animationduration=\"0.6\" data-animationoffset=\"top-into-view\"><div class=\"fusion-image-before-after-element fusion-image-switch fusion-image-before-after-3\"><a class=\"fusion-image-switch-link\" href=\"https:\/\/echale.mx\/en\/proyectos\/zimatlan\/\" target=\"_self\"><img decoding=\"async\" class=\"fusion-image-switch-before lazyload\" src=\"data:image\/svg+xml,%3Csvg%20xmlns%3D%27http%3A%2F%2Fwww.w3.org%2F2000%2Fsvg%27%20width%3D%271200%27%20height%3D%27800%27%20viewBox%3D%270%200%201200%20800%27%3E%3Crect%20width%3D%271200%27%20height%3D%27800%27%20fill-opacity%3D%220%22%2F%3E%3C%2Fsvg%3E\" width=\"800\" height=\"533\" data-orig-src=\"https:\/\/echale.mx\/wp-content\/uploads\/2020\/06\/Zimatlan-053-800x533.jpg\"><img decoding=\"async\" class=\"fusion-image-switch-after lazyload\" src=\"data:image\/svg+xml,%3Csvg%20xmlns%3D%27http%3A%2F%2Fwww.w3.org%2F2000%2Fsvg%27%20width%3D%271200%27%20height%3D%27800%27%20viewBox%3D%270%200%201200%20800%27%3E%3Crect%20width%3D%271200%27%20height%3D%27800%27%20fill-opacity%3D%220%22%2F%3E%3C%2Fsvg%3E\" width=\"800\" height=\"533\" data-orig-src=\"https:\/\/echale.mx\/wp-content\/uploads\/2020\/06\/Zimatlan-053-HOVER-800x533.jpg\"><\/a><\/div><\/div><div class=\"fusion-clearfix\"><\/div><\/div><\/div><\/div><\/div><\/p>","protected":false},"excerpt":{"rendered":"","protected":false},"author":2,"featured_media":0,"parent":13,"menu_order":0,"comment_status":"closed","ping_status":"closed","template":"100-width.php","meta":{"nf_dc_page":"","_monsterinsights_skip_tracking":false,"_monsterinsights_sitenote_active":false,"_monsterinsights_sitenote_note":"","_monsterinsights_sitenote_category":0,"footnotes":""},"class_list":["post-1020","page","type-page","status-publish","hentry"],"_links":{"self":[{"href":"https:\/\/echale.mx\/en\/wp-json\/wp\/v2\/pages\/1020","targetHints":{"allow":["GET"]}}],"collection":[{"href":"https:\/\/echale.mx\/en\/wp-json\/wp\/v2\/pages"}],"about":[{"href":"https:\/\/echale.mx\/en\/wp-json\/wp\/v2\/types\/page"}],"author":[{"embeddable":true,"href":"https:\/\/echale.mx\/en\/wp-json\/wp\/v2\/users\/2"}],"replies":[{"embeddable":true,"href":"https:\/\/echale.mx\/en\/wp-json\/wp\/v2\/comments?post=1020"}],"version-history":[{"count":5,"href":"https:\/\/echale.mx\/en\/wp-json\/wp\/v2\/pages\/1020\/revisions"}],"predecessor-version":[{"id":2460,"href":"https:\/\/echale.mx\/en\/wp-json\/wp\/v2\/pages\/1020\/revisions\/2460"}],"up":[{"embeddable":true,"href":"https:\/\/echale.mx\/en\/wp-json\/wp\/v2\/pages\/13"}],"wp:attachment":[{"href":"https:\/\/echale.mx\/en\/wp-json\/wp\/v2\/media?parent=1020"}],"curies":[{"name":"wp","href":"https:\/\/api.w.org\/{rel}","templated":true}]}}