{"id":1104,"date":"2020-06-02T21:07:33","date_gmt":"2020-06-02T21:07:33","guid":{"rendered":"https:\/\/echale.mx\/?page_id=1104"},"modified":"2022-09-27T20:54:12","modified_gmt":"2022-09-27T20:54:12","slug":"nacajuca","status":"publish","type":"page","link":"https:\/\/echale.mx\/en\/proyectos\/nacajuca\/","title":{"rendered":"NACAJUCA"},"content":{"rendered":"<p><div class=\"fusion-bg-parallax\" data-bg-align=\"center center\" data-direction=\"down\" data-mute=\"false\" data-opacity=\"100\" data-velocity=\"-0.6\" data-mobile-enabled=\"false\" data-break_parents=\"0\" data-bg-image=\"https:\/\/echale.mx\/wp-content\/uploads\/2015\/02\/Portada-OKa-1-e1591039555640.jpg\" data-bg-repeat=\"false\" ><\/div><div class=\"fusion-fullwidth fullwidth-box fusion-builder-row-1 fusion-parallax-down nonhundred-percent-fullwidth non-hundred-percent-height-scrolling lazyload\" style=\"--awb-border-radius-top-left:0px;--awb-border-radius-top-right:0px;--awb-border-radius-bottom-right:0px;--awb-border-radius-bottom-left:0px;--awb-padding-top:80px;--awb-padding-right:30px;--awb-padding-bottom:80px;--awb-padding-left:30px;--awb-background-size:cover;--awb-flex-wrap:wrap;\" data-bg=\"https:\/\/echale.mx\/wp-content\/uploads\/2015\/02\/Portada-OKa-1-e1591039555640.jpg\" ><div class=\"fusion-builder-row fusion-row\"><div class=\"fusion-layout-column fusion_builder_column fusion-builder-column-0 fusion_builder_column_1_1 1_1 fusion-one-full fusion-column-first fusion-column-last fusion-no-small-visibility\" style=\"--awb-bg-size:cover;\"><div class=\"fusion-column-wrapper fusion-column-has-shadow fusion-flex-column-wrapper-legacy\"><div class=\"fusion-title title fusion-title-1 fusion-sep-none fusion-title-center fusion-title-text fusion-title-size-two\" style=\"--awb-text-color:#ffffff;--awb-margin-top:50px;--awb-margin-top-small:50px;--awb-margin-right-small:0px;--awb-margin-left-small:0px;--awb-font-size:60px;\"><h2 class=\"fusion-title-heading title-heading-center\" style=\"margin:0;letter-spacing:1px;font-size:1em;\"><strong>NACAJUCA<\/strong><\/h2><\/div><div class=\"fusion-title title fusion-title-2 fusion-sep-none fusion-title-center fusion-title-text fusion-title-size-one\" style=\"--awb-text-color:#ffffff;--awb-margin-bottom:50px;--awb-margin-right-small:0px;--awb-margin-bottom-small:50px;--awb-margin-left-small:0px;--awb-font-size:40px;\"><h1 class=\"fusion-title-heading title-heading-center\" style=\"margin:0;font-size:1em;\">TABASCO<\/h1><\/div><div class=\"fusion-clearfix\"><\/div><\/div><\/div><div class=\"fusion-layout-column fusion_builder_column fusion-builder-column-1 fusion_builder_column_1_1 1_1 fusion-one-full fusion-column-first fusion-column-last fusion-no-medium-visibility fusion-no-large-visibility\" style=\"--awb-bg-size:cover;\"><div class=\"fusion-column-wrapper fusion-column-has-shadow fusion-flex-column-wrapper-legacy\"><div class=\"fusion-title title fusion-title-3 fusion-sep-none fusion-title-center fusion-title-text fusion-title-size-two\" style=\"--awb-text-color:#ffffff;--awb-margin-top:50px;--awb-margin-top-small:50px;--awb-margin-right-small:0px;--awb-margin-left-small:0px;--awb-font-size:50px;\"><h2 class=\"fusion-title-heading title-heading-center\" style=\"margin:0;letter-spacing:1px;font-size:1em;\"><strong>NACAJUCA<\/strong><\/h2><\/div><div class=\"fusion-title title fusion-title-4 fusion-sep-none fusion-title-center fusion-title-text fusion-title-size-one\" style=\"--awb-text-color:#ffffff;--awb-margin-bottom:50px;--awb-margin-right-small:0px;--awb-margin-bottom-small:50px;--awb-margin-left-small:0px;--awb-font-size:40px;\"><h1 class=\"fusion-title-heading title-heading-center\" style=\"margin:0;font-size:1em;\">TABASCO<\/h1><\/div><div class=\"fusion-clearfix\"><\/div><\/div><\/div><\/div><\/div><div class=\"fusion-fullwidth fullwidth-box fusion-builder-row-2 nonhundred-percent-fullwidth non-hundred-percent-height-scrolling\" style=\"--awb-border-radius-top-left:0px;--awb-border-radius-top-right:0px;--awb-border-radius-bottom-right:0px;--awb-border-radius-bottom-left:0px;--awb-padding-top:70px;--awb-padding-right:30px;--awb-padding-bottom:70px;--awb-padding-left:30px;--awb-flex-wrap:wrap;\" ><div class=\"fusion-builder-row fusion-row\"><div class=\"fusion-layout-column fusion_builder_column fusion-builder-column-2 fusion_builder_column_3_5 3_5 fusion-three-fifth fusion-column-first\" style=\"--awb-bg-size:cover;--awb-margin-bottom:0px;width:60%;width:calc(60% - ( ( 2% ) * 0.6 ) );margin-right: 2%;\"><div class=\"fusion-column-wrapper fusion-column-has-shadow fusion-flex-column-wrapper-legacy\"><div class=\"fusion-image-carousel fusion-image-carousel-auto fusion-image-carousel-1\"><div class=\"awb-carousel awb-swiper awb-swiper-carousel awb-carousel--carousel awb-swiper-dots-position-bottom\" data-layout=\"carousel\" data-autoplay=\"yes\" data-autoplayspeed=\"2500\" data-autoplaypause=\"no\" data-loop=\"yes\" data-columns=\"1\" data-columnsmedium=\"1\" data-columnssmall=\"1\" data-itemmargin=\"0\" data-itemwidth=\"180\" data-touchscroll=\"no\" data-freemode=\"no\" data-imagesize=\"auto\" data-scrollitems=\"0\" data-centeredslides=\"no\" data-rotationangle=\"50\" data-depth=\"100\" data-speed=\"500\" data-shadow=\"no\" data-pagination=\"bullets\" style=\"--awb-columns:1;--awb-column-spacing:0px;\"><div class=\"swiper-wrapper awb-image-carousel-wrapper fusion-flex-align-items-center\"><div class=\"swiper-slide\"><div class=\"fusion-carousel-item-wrapper\"><div class=\"fusion-image-wrapper hover-type-zoomin\"><img decoding=\"async\" width=\"1200\" height=\"800\" src=\"https:\/\/echale.mx\/wp-content\/uploads\/2020\/06\/3D_Mexico_4a.jpg\" class=\"attachment-full size-full lazyload\" alt=\"\" srcset=\"data:image\/svg+xml,%3Csvg%20xmlns%3D%27http%3A%2F%2Fwww.w3.org%2F2000%2Fsvg%27%20width%3D%271200%27%20height%3D%27800%27%20viewBox%3D%270%200%201200%20800%27%3E%3Crect%20width%3D%271200%27%20height%3D%27800%27%20fill-opacity%3D%220%22%2F%3E%3C%2Fsvg%3E\" data-orig-src=\"https:\/\/echale.mx\/wp-content\/uploads\/2020\/06\/3D_Mexico_4a.jpg\" data-srcset=\"https:\/\/echale.mx\/wp-content\/uploads\/2020\/06\/3D_Mexico_4a-200x133.jpg 200w, https:\/\/echale.mx\/wp-content\/uploads\/2020\/06\/3D_Mexico_4a-300x200.jpg 300w, https:\/\/echale.mx\/wp-content\/uploads\/2020\/06\/3D_Mexico_4a-400x267.jpg 400w, https:\/\/echale.mx\/wp-content\/uploads\/2020\/06\/3D_Mexico_4a-600x400.jpg 600w, https:\/\/echale.mx\/wp-content\/uploads\/2020\/06\/3D_Mexico_4a-768x512.jpg 768w, https:\/\/echale.mx\/wp-content\/uploads\/2020\/06\/3D_Mexico_4a-800x533.jpg 800w, https:\/\/echale.mx\/wp-content\/uploads\/2020\/06\/3D_Mexico_4a-1024x683.jpg 1024w, https:\/\/echale.mx\/wp-content\/uploads\/2020\/06\/3D_Mexico_4a.jpg 1200w\" data-sizes=\"auto\" \/><\/div><\/div><\/div><div class=\"swiper-slide\"><div class=\"fusion-carousel-item-wrapper\"><div class=\"fusion-image-wrapper hover-type-zoomin\"><img decoding=\"async\" width=\"1200\" height=\"800\" src=\"https:\/\/echale.mx\/wp-content\/uploads\/2020\/06\/3D_Mexico_11a.jpg\" class=\"attachment-full size-full lazyload\" alt=\"\" srcset=\"data:image\/svg+xml,%3Csvg%20xmlns%3D%27http%3A%2F%2Fwww.w3.org%2F2000%2Fsvg%27%20width%3D%271200%27%20height%3D%27800%27%20viewBox%3D%270%200%201200%20800%27%3E%3Crect%20width%3D%271200%27%20height%3D%27800%27%20fill-opacity%3D%220%22%2F%3E%3C%2Fsvg%3E\" data-orig-src=\"https:\/\/echale.mx\/wp-content\/uploads\/2020\/06\/3D_Mexico_11a.jpg\" data-srcset=\"https:\/\/echale.mx\/wp-content\/uploads\/2020\/06\/3D_Mexico_11a-200x133.jpg 200w, https:\/\/echale.mx\/wp-content\/uploads\/2020\/06\/3D_Mexico_11a-300x200.jpg 300w, https:\/\/echale.mx\/wp-content\/uploads\/2020\/06\/3D_Mexico_11a-400x267.jpg 400w, https:\/\/echale.mx\/wp-content\/uploads\/2020\/06\/3D_Mexico_11a-600x400.jpg 600w, https:\/\/echale.mx\/wp-content\/uploads\/2020\/06\/3D_Mexico_11a-768x512.jpg 768w, https:\/\/echale.mx\/wp-content\/uploads\/2020\/06\/3D_Mexico_11a-800x533.jpg 800w, https:\/\/echale.mx\/wp-content\/uploads\/2020\/06\/3D_Mexico_11a-1024x683.jpg 1024w, https:\/\/echale.mx\/wp-content\/uploads\/2020\/06\/3D_Mexico_11a.jpg 1200w\" data-sizes=\"auto\" \/><\/div><\/div><\/div><div class=\"swiper-slide\"><div class=\"fusion-carousel-item-wrapper\"><div class=\"fusion-image-wrapper hover-type-zoomin\"><img decoding=\"async\" width=\"1200\" height=\"800\" src=\"https:\/\/echale.mx\/wp-content\/uploads\/2020\/06\/Contactanos-OKaa.jpg\" class=\"attachment-full size-full lazyload\" alt=\"\" srcset=\"data:image\/svg+xml,%3Csvg%20xmlns%3D%27http%3A%2F%2Fwww.w3.org%2F2000%2Fsvg%27%20width%3D%271200%27%20height%3D%27800%27%20viewBox%3D%270%200%201200%20800%27%3E%3Crect%20width%3D%271200%27%20height%3D%27800%27%20fill-opacity%3D%220%22%2F%3E%3C%2Fsvg%3E\" data-orig-src=\"https:\/\/echale.mx\/wp-content\/uploads\/2020\/06\/Contactanos-OKaa.jpg\" data-srcset=\"https:\/\/echale.mx\/wp-content\/uploads\/2020\/06\/Contactanos-OKaa-200x133.jpg 200w, https:\/\/echale.mx\/wp-content\/uploads\/2020\/06\/Contactanos-OKaa-300x200.jpg 300w, https:\/\/echale.mx\/wp-content\/uploads\/2020\/06\/Contactanos-OKaa-400x267.jpg 400w, https:\/\/echale.mx\/wp-content\/uploads\/2020\/06\/Contactanos-OKaa-600x400.jpg 600w, https:\/\/echale.mx\/wp-content\/uploads\/2020\/06\/Contactanos-OKaa-768x512.jpg 768w, https:\/\/echale.mx\/wp-content\/uploads\/2020\/06\/Contactanos-OKaa-800x533.jpg 800w, https:\/\/echale.mx\/wp-content\/uploads\/2020\/06\/Contactanos-OKaa-1024x683.jpg 1024w, https:\/\/echale.mx\/wp-content\/uploads\/2020\/06\/Contactanos-OKaa.jpg 1200w\" data-sizes=\"auto\" \/><\/div><\/div><\/div><\/div><div class=\"awb-swiper-button awb-swiper-button-prev\"><i class=\"awb-icon-angle-left\" aria-hidden=\"true\"><\/i><\/div><div class=\"awb-swiper-button awb-swiper-button-next\"><i class=\"awb-icon-angle-right\" aria-hidden=\"true\"><\/i><\/div><\/div><\/div><div class=\"fusion-clearfix\"><\/div><\/div><\/div><div class=\"fusion-layout-column fusion_builder_column fusion-builder-column-3 fusion_builder_column_2_5 2_5 fusion-two-fifth fusion-column-last\" style=\"--awb-bg-size:cover;--awb-margin-bottom:0px;width:40%;width:calc(40% - ( ( 2% ) * 0.4 ) );\"><div class=\"fusion-column-wrapper fusion-column-has-shadow fusion-flex-column-wrapper-legacy\"><div class=\"fusion-text fusion-text-1\"><p><span style=\"font-weight: 400; font-size: 18px;\"><strong>Location:<\/strong> Nacajuca, Tabasco. <\/span><br \/>\n<span style=\"font-weight: 400; font-size: 18px;\"><span style=\"font-weight: 400; font-size: 18px;\"><strong>Number of new housings:<\/strong> our goal is 200 houses (152 built by Echale and 48 3D printed)<br \/>\nTerminadas: \u00c9CHALE 10, en 3D 2<\/span><br \/>\n<span style=\"font-weight: 400; font-size: 18px;\"><strong>Construction year:<\/strong> 2019 <\/span><\/span><\/p>\n<\/div><div class=\"fusion-sep-clear\"><\/div><div class=\"fusion-separator fusion-full-width-sep\" style=\"margin-left: auto;margin-right: auto;margin-top:5px;margin-bottom:10px;width:100%;\"><div class=\"fusion-separator-border sep-single sep-solid\" style=\"--awb-height:20px;--awb-amount:20px;border-color:#e0dede;border-top-width:1px;\"><\/div><\/div><div class=\"fusion-sep-clear\"><\/div><div class=\"fusion-text fusion-text-2\"><p><span style=\"font-weight: 400; font-size: 17px;\">We boost ODS communities looking forward to fulfill the ODS objectives, which also involve the government, community, the academy and the civil society\u2019s active participation. \nEchale brings social inclusion to the community as well as adequate technology, construction, building and technical support, programs advertisement, resources management, financial education and credits for people who haven\u2019t gotten access to them.<\/span><\/p>\n<\/div><div class=\"fusion-sep-clear\"><\/div><div class=\"fusion-separator fusion-full-width-sep\" style=\"margin-left: auto;margin-right: auto;margin-top:5px;margin-bottom:5px;width:100%;\"><div class=\"fusion-separator-border sep-single sep-solid\" style=\"--awb-height:20px;--awb-amount:20px;border-color:#e0dede;border-top-width:1px;\"><\/div><\/div><div class=\"fusion-sep-clear\"><\/div><div class=\"fusion-sharing-box fusion-sharing-box-1 has-taglines layout-floated layout-medium-floated layout-small-floated\" style=\"background-color:#ffffff;--awb-layout:row;--awb-alignment-small:space-between;\" data-title=\"NACAJUCA\" data-description=\"NACAJUCA TABASCO NACAJUCA TABASCO     Ubicaci\u00f3n: Nacajuca, Tabasco. N\u00famero de viviendas: La meta son 200 (152 \u00c9CHALE y 48 en 3D)Terminadas: \u00c9CHALE 10, en 3D 2A\u00f1o de construcci\u00f3n:\" data-link=\"https:\/\/echale.mx\/en\/proyectos\/nacajuca\/\"><h4 class=\"tagline\" style=\"color:#263746;\">SHARE THIS STORY<\/h4><div class=\"fusion-social-networks sharingbox-shortcode-icon-wrapper sharingbox-shortcode-icon-wrapper-1\"><span><a href=\"https:\/\/www.facebook.com\/sharer.php?u=https%3A%2F%2Fechale.mx%2Fen%2Fproyectos%2Fnacajuca%2F&amp;t=NACAJUCA\" target=\"_blank\" rel=\"noreferrer\" title=\"Facebook\" aria-label=\"Facebook\" data-placement=\"top\" data-toggle=\"tooltip\" data-title=\"Facebook\"><i class=\"fusion-social-network-icon fusion-tooltip fusion-facebook awb-icon-facebook\" style=\"color:#d38138;\" aria-hidden=\"true\"><\/i><\/a><\/span><span><a href=\"https:\/\/x.com\/intent\/post?text=NACAJUCA&amp;url=https%3A%2F%2Fechale.mx%2Fen%2Fproyectos%2Fnacajuca%2F\" target=\"_blank\" rel=\"noopener noreferrer\" title=\"X\" aria-label=\"X\" data-placement=\"top\" data-toggle=\"tooltip\" data-title=\"X\"><i class=\"fusion-social-network-icon fusion-tooltip fusion-twitter awb-icon-twitter\" style=\"color:#d38138;\" aria-hidden=\"true\"><\/i><\/a><\/span><span><a href=\"https:\/\/www.linkedin.com\/shareArticle?mini=true&amp;url=https%3A%2F%2Fechale.mx%2Fen%2Fproyectos%2Fnacajuca%2F&amp;title=NACAJUCA&amp;summary=NACAJUCA%20%0D%0ATABASCO%20%20%0D%0ANACAJUCA%20%0D%0ATABASCO%20%20%20%20%20%20%20%20%20Ubicaci%C3%B3n%3A%20Nacajuca%2C%20Tabasco.%20%0D%0AN%C3%BAmero%20de%20viviendas%3A%20La%20meta%20son%20200%20%28152%20%C3%89CHALE%20y%2048%20en%203D%29%0D%0ATerminadas%3A%20%C3%89CHALE%2010%2C%20en%203D%202%0D%0AA%C3%B1o%20de%20construcci%C3%B3n%3A\" target=\"_blank\" rel=\"noopener noreferrer\" title=\"LinkedIn\" aria-label=\"LinkedIn\" data-placement=\"top\" data-toggle=\"tooltip\" data-title=\"LinkedIn\"><i class=\"fusion-social-network-icon fusion-tooltip fusion-linkedin awb-icon-linkedin\" style=\"color:#d38138;\" aria-hidden=\"true\"><\/i><\/a><\/span><\/div><\/div><div class=\"fusion-clearfix\"><\/div><\/div><\/div><\/div><\/div><div class=\"fusion-fullwidth fullwidth-box fusion-builder-row-3 nonhundred-percent-fullwidth non-hundred-percent-height-scrolling\" style=\"--awb-border-radius-top-left:0px;--awb-border-radius-top-right:0px;--awb-border-radius-bottom-right:0px;--awb-border-radius-bottom-left:0px;--awb-padding-right:30px;--awb-padding-bottom:0px;--awb-padding-left:30px;--awb-flex-wrap:wrap;\" ><div class=\"fusion-builder-row fusion-row\"><div class=\"fusion-layout-column fusion_builder_column fusion-builder-column-4 fusion_builder_column_1_1 1_1 fusion-one-full fusion-column-first fusion-column-last\" style=\"--awb-bg-size:cover;\"><div class=\"fusion-column-wrapper fusion-column-has-shadow fusion-flex-column-wrapper-legacy\"><div class=\"fusion-title title fusion-title-5 fusion-sep-none fusion-title-center fusion-title-text fusion-title-size-one\" style=\"--awb-margin-top:15px;--awb-margin-top-small:0px;--awb-margin-right-small:0px;--awb-margin-bottom-small:0px;--awb-margin-left-small:0px;\"><h1 class=\"fusion-title-heading title-heading-center\" style=\"margin:0;\">FIND OUT ABOUT OUR PROJECTS<\/h1><\/div><div class=\"fusion-clearfix\"><\/div><\/div><\/div><\/div><\/div><div class=\"fusion-fullwidth fullwidth-box fusion-builder-row-4 nonhundred-percent-fullwidth non-hundred-percent-height-scrolling\" style=\"--awb-border-radius-top-left:0px;--awb-border-radius-top-right:0px;--awb-border-radius-bottom-right:0px;--awb-border-radius-bottom-left:0px;--awb-padding-top:30px;--awb-padding-right:30px;--awb-padding-bottom:70px;--awb-padding-left:30px;--awb-flex-wrap:wrap;\" ><div class=\"fusion-builder-row fusion-row\"><div class=\"fusion-layout-column fusion_builder_column fusion-builder-column-5 fusion_builder_column_1_3 1_3 fusion-one-third fusion-column-first\" style=\"--awb-bg-size:cover;width:33.333333333333%;width:calc(33.333333333333% - ( ( 4% + 4% ) * 0.33333333333333 ) );margin-right: 4%;\"><div class=\"fusion-column-wrapper fusion-column-has-shadow fusion-flex-column-wrapper-legacy\"><div class=\"fusion-image-before-after-wrapper fusion-animated type-switch hover-type-together fusion-image-before-after-wrapper-1\" style=\"--awb-font-size:13px;--awb-bordersize:0px;--awb-accent-color-bg:rgba(255,255,255,0.15);--awb-transition-time:0.5s;\" data-animationtype=\"fadeInUp\" data-animationduration=\"0.6\" data-animationoffset=\"top-into-view\"><div class=\"fusion-image-before-after-element fusion-image-switch fusion-image-before-after-1\"><a class=\"fusion-image-switch-link\" href=\"https:\/\/echale.mx\/en\/proyectos\/escarcega\/\" target=\"_self\"><img decoding=\"async\" class=\"fusion-image-switch-before lazyload\" src=\"data:image\/svg+xml,%3Csvg%20xmlns%3D%27http%3A%2F%2Fwww.w3.org%2F2000%2Fsvg%27%20width%3D%271200%27%20height%3D%27800%27%20viewBox%3D%270%200%201200%20800%27%3E%3Crect%20width%3D%271200%27%20height%3D%27800%27%20fill-opacity%3D%220%22%2F%3E%3C%2Fsvg%3E\" width=\"1024\" height=\"683\" data-orig-src=\"https:\/\/echale.mx\/wp-content\/uploads\/2020\/06\/IMG_0085-OKa-1024x683.jpg\"><img decoding=\"async\" class=\"fusion-image-switch-after lazyload\" src=\"data:image\/svg+xml,%3Csvg%20xmlns%3D%27http%3A%2F%2Fwww.w3.org%2F2000%2Fsvg%27%20width%3D%271200%27%20height%3D%27800%27%20viewBox%3D%270%200%201200%20800%27%3E%3Crect%20width%3D%271200%27%20height%3D%27800%27%20fill-opacity%3D%220%22%2F%3E%3C%2Fsvg%3E\" width=\"1024\" height=\"683\" data-orig-src=\"https:\/\/echale.mx\/wp-content\/uploads\/2020\/06\/IMG_0085-HOVER-1024x683.jpg\"><\/a><\/div><\/div><div class=\"fusion-clearfix\"><\/div><\/div><\/div><div class=\"fusion-layout-column fusion_builder_column fusion-builder-column-6 fusion_builder_column_1_3 1_3 fusion-one-third\" style=\"--awb-bg-size:cover;width:33.333333333333%;width:calc(33.333333333333% - ( ( 4% + 4% ) * 0.33333333333333 ) );margin-right: 4%;\"><div class=\"fusion-column-wrapper fusion-column-has-shadow fusion-flex-column-wrapper-legacy\"><div class=\"fusion-image-before-after-wrapper fusion-animated type-switch hover-type-together fusion-image-before-after-wrapper-2\" style=\"--awb-font-size:13px;--awb-bordersize:0px;--awb-accent-color-bg:rgba(255,255,255,0.15);--awb-transition-time:0.5s;\" data-animationtype=\"fadeInUp\" data-animationduration=\"0.3\" data-animationoffset=\"top-into-view\"><div class=\"fusion-image-before-after-element fusion-image-switch fusion-image-before-after-2\"><a class=\"fusion-image-switch-link\" href=\"https:\/\/echale.mx\/en\/proyectos\/echale-mex\/\" target=\"_self\"><img decoding=\"async\" class=\"fusion-image-switch-before lazyload\" src=\"data:image\/svg+xml,%3Csvg%20xmlns%3D%27http%3A%2F%2Fwww.w3.org%2F2000%2Fsvg%27%20width%3D%271200%27%20height%3D%27800%27%20viewBox%3D%270%200%201200%20800%27%3E%3Crect%20width%3D%271200%27%20height%3D%27800%27%20fill-opacity%3D%220%22%2F%3E%3C%2Fsvg%3E\" width=\"1200\" height=\"800\" data-orig-src=\"https:\/\/echale.mx\/wp-content\/uploads\/2022\/09\/echalemexico.jpg\"><img decoding=\"async\" class=\"fusion-image-switch-after lazyload\" src=\"data:image\/svg+xml,%3Csvg%20xmlns%3D%27http%3A%2F%2Fwww.w3.org%2F2000%2Fsvg%27%20width%3D%271200%27%20height%3D%27800%27%20viewBox%3D%270%200%201200%20800%27%3E%3Crect%20width%3D%271200%27%20height%3D%27800%27%20fill-opacity%3D%220%22%2F%3E%3C%2Fsvg%3E\" width=\"1200\" height=\"800\" data-orig-src=\"https:\/\/echale.mx\/wp-content\/uploads\/2022\/09\/echalemexico-2.jpg\"><\/a><\/div><\/div><div class=\"fusion-clearfix\"><\/div><\/div><\/div><div class=\"fusion-layout-column fusion_builder_column fusion-builder-column-7 fusion_builder_column_1_3 1_3 fusion-one-third fusion-column-last\" style=\"--awb-bg-size:cover;width:33.333333333333%;width:calc(33.333333333333% - ( ( 4% + 4% ) * 0.33333333333333 ) );\"><div class=\"fusion-column-wrapper fusion-column-has-shadow fusion-flex-column-wrapper-legacy\"><div class=\"fusion-image-before-after-wrapper fusion-animated type-switch hover-type-together fusion-image-before-after-wrapper-3\" style=\"--awb-font-size:13px;--awb-bordersize:0px;--awb-accent-color-bg:rgba(255,255,255,0.15);--awb-transition-time:0.5s;\" data-animationtype=\"fadeInUp\" data-animationduration=\"0.6\" data-animationoffset=\"top-into-view\"><div class=\"fusion-image-before-after-element fusion-image-switch fusion-image-before-after-3\"><a class=\"fusion-image-switch-link\" href=\"https:\/\/echale.mx\/en\/proyectos\/tizayuca\/\" target=\"_self\"><img decoding=\"async\" class=\"fusion-image-switch-before lazyload\" src=\"data:image\/svg+xml,%3Csvg%20xmlns%3D%27http%3A%2F%2Fwww.w3.org%2F2000%2Fsvg%27%20width%3D%271200%27%20height%3D%27800%27%20viewBox%3D%270%200%201200%20800%27%3E%3Crect%20width%3D%271200%27%20height%3D%27800%27%20fill-opacity%3D%220%22%2F%3E%3C%2Fsvg%3E\" width=\"1024\" height=\"683\" data-orig-src=\"https:\/\/echale.mx\/wp-content\/uploads\/2020\/06\/29oka-1024x683.jpg\"><img decoding=\"async\" class=\"fusion-image-switch-after lazyload\" src=\"data:image\/svg+xml,%3Csvg%20xmlns%3D%27http%3A%2F%2Fwww.w3.org%2F2000%2Fsvg%27%20width%3D%271200%27%20height%3D%27800%27%20viewBox%3D%270%200%201200%20800%27%3E%3Crect%20width%3D%271200%27%20height%3D%27800%27%20fill-opacity%3D%220%22%2F%3E%3C%2Fsvg%3E\" width=\"1024\" height=\"683\" data-orig-src=\"https:\/\/echale.mx\/wp-content\/uploads\/2020\/06\/TIZAYUCA-HOVER-1024x683.jpg\"><\/a><\/div><\/div><div class=\"fusion-clearfix\"><\/div><\/div><\/div><\/div><\/div><\/p>","protected":false},"excerpt":{"rendered":"","protected":false},"author":2,"featured_media":0,"parent":13,"menu_order":0,"comment_status":"closed","ping_status":"closed","template":"100-width.php","meta":{"nf_dc_page":"","_monsterinsights_skip_tracking":false,"_monsterinsights_sitenote_active":false,"_monsterinsights_sitenote_note":"","_monsterinsights_sitenote_category":0,"footnotes":""},"class_list":["post-1104","page","type-page","status-publish","hentry"],"_links":{"self":[{"href":"https:\/\/echale.mx\/en\/wp-json\/wp\/v2\/pages\/1104","targetHints":{"allow":["GET"]}}],"collection":[{"href":"https:\/\/echale.mx\/en\/wp-json\/wp\/v2\/pages"}],"about":[{"href":"https:\/\/echale.mx\/en\/wp-json\/wp\/v2\/types\/page"}],"author":[{"embeddable":true,"href":"https:\/\/echale.mx\/en\/wp-json\/wp\/v2\/users\/2"}],"replies":[{"embeddable":true,"href":"https:\/\/echale.mx\/en\/wp-json\/wp\/v2\/comments?post=1104"}],"version-history":[{"count":5,"href":"https:\/\/echale.mx\/en\/wp-json\/wp\/v2\/pages\/1104\/revisions"}],"predecessor-version":[{"id":2458,"href":"https:\/\/echale.mx\/en\/wp-json\/wp\/v2\/pages\/1104\/revisions\/2458"}],"up":[{"embeddable":true,"href":"https:\/\/echale.mx\/en\/wp-json\/wp\/v2\/pages\/13"}],"wp:attachment":[{"href":"https:\/\/echale.mx\/en\/wp-json\/wp\/v2\/media?parent=1104"}],"curies":[{"name":"wp","href":"https:\/\/api.w.org\/{rel}","templated":true}]}}