{"id":1917,"date":"2020-07-09T21:03:37","date_gmt":"2020-07-09T21:03:37","guid":{"rendered":"https:\/\/echale.mx\/?page_id=1917"},"modified":"2020-07-13T23:23:50","modified_gmt":"2020-07-13T23:23:50","slug":"terminos-y-condiciones","status":"publish","type":"page","link":"https:\/\/echale.mx\/en\/terminos-y-condiciones\/","title":{"rendered":"T\u00c9RMINOS Y CONDICIONES"},"content":{"rendered":"<div class=\"fusion-fullwidth fullwidth-box fusion-builder-row-1 nonhundred-percent-fullwidth non-hundred-percent-height-scrolling\" style=\"--awb-border-radius-top-left:0px;--awb-border-radius-top-right:0px;--awb-border-radius-bottom-right:0px;--awb-border-radius-bottom-left:0px;--awb-padding-top:0px;--awb-margin-top:0px;--awb-margin-bottom:56px;--awb-flex-wrap:wrap;\" ><div class=\"fusion-builder-row fusion-row\"><div class=\"fusion-layout-column fusion_builder_column fusion-builder-column-0 fusion_builder_column_1_1 1_1 fusion-one-full fusion-column-first fusion-column-last\" style=\"--awb-bg-size:cover;\"><div class=\"fusion-column-wrapper fusion-column-has-shadow fusion-flex-column-wrapper-legacy\"><div class=\"fusion-title title fusion-title-1 fusion-sep-none fusion-title-center fusion-title-text fusion-title-size-one\" style=\"--awb-margin-top:70PX;--awb-margin-bottom:50PX;--awb-margin-top-small:30px;--awb-margin-right-small:0px;--awb-margin-bottom-small:20px;--awb-margin-left-small:0px;\"><h1 class=\"fusion-title-heading title-heading-center\" style=\"margin:0;\">T\u00c9RMINOS Y CONDICIONES<br \/>DE USO DEL SITIO WEB \u00c9CHALE<\/h1><\/div><div class=\"fusion-text fusion-text-1\"><p>Estos T\u00e9rminos y Condiciones regulan el uso del Sitio Web de www.echale.mx, por favor rev\u00edsalas cuidadosamente ya que te responsabilizan bajo la Ley al usar el Sitio Web, usted acepta y esta de acuerdo con estos t\u00e9rminos y condiciones en lo que se refiere al uso del Sitio Web. Si usted no est\u00e1 de acuerdo con estos T\u00e9rminos y Condiciones, no puede tener acceso al mismo ni usar el Sitio Web de ninguna otra manera.<\/p>\n<p><span style=\"background-color: rgba(255, 255, 255, 0); color: var(--body_typography-color); font-family: var(--body_typography-font-family); font-size: var(--body_typography-font-size); font-style: var(--body_typography-font-style,normal); letter-spacing: var(--body_typography-letter-spacing);\"><b><u>1. Derechos de Propiedad.<\/u><\/b><\/span> <span style=\"background-color: rgba(255, 255, 255, 0); color: var(--body_typography-color); font-family: var(--body_typography-font-family); font-size: var(--body_typography-font-size); font-style: var(--body_typography-font-style,normal); letter-spacing: var(--body_typography-letter-spacing);\"><b>\u00c9CHALE<\/b><\/span> <span style=\"color: #263746;\">es el \u00fanico y <\/span>exclusivo due\u00f1o, de todos los derechos, t\u00edtulos e intereses del Sitio Web, de todo el contenido (incluyendo, por ejemplo, audio, fotograf\u00edas, ilustraciones, gr\u00e1ficos, otros medios visuales, videos, copias, textos, software, t\u00edtulos etc.), c\u00f3digos, datos y materiales del mismo, el aspecto y el ambiente, el dise\u00f1o y la organizaci\u00f3n del Sitio Web y la compilaci\u00f3n de los contenidos, c\u00f3digos, datos y los materiales en el mismo, incluyendo pero no limitado a, cualesquiera derechos de autor, derechos de marca, derechos de patente, derechos de base de datos y otras propiedades intelectuales y derechos patrimoniales del mismo. Su uso del Sitio Web no le otorga propiedad de ninguno de los contenidos, c\u00f3digos, datos o materiales a los que pueda acceder a trav\u00e9s del Sitio Web.<\/p>\n<p><b><u>2. Licencia Limitada.<\/u><\/b> Usted puede acceder y ver el contenido del Sitio Web desde su computadora o desde cualquier otro aparato y, a menos de que se indique de otra manera en estos T\u00e9rminos y Condiciones o en el Sitio Web, sacar copias o impresiones individuales del contenido del Sitio Web para su uso personal, interno \u00fanicamente. El uso del Sitio Web y de los servicios que se ofrecen a trav\u00e9s del Sitio Web, son s\u00f3lo para su uso personal, no comercial.<\/p>\n<p><b><u>3. Uso Prohibido.<\/u><\/b> Cualquier distribuci\u00f3n, publicaci\u00f3n o explotaci\u00f3n comercial o promocional del Sitio Web, o de cualquiera de los contenidos, c\u00f3digos, datos o materiales en el Sitio Web, est\u00e1 estrictamente prohibida, a menos de que usted haya recibido el previo permiso expreso por escrito del Director de <b>\u00c9CHALE<\/b>. A no ser como est\u00e1 expresamente permitido en el presente contrato, usted no puede descargar, informar, exponer, publicar, copiar, reproducir, distribuir, transmitir, modificar, ejecutar, difundir, transferir, crear trabajos derivados de, vender o de cualquier otra manera explotar cualquiera de los contenidos, c\u00f3digos, datos o materiales en o disponibles a trav\u00e9s del Sitio Web. Usted se obliga adem\u00e1s a no alterar, editar, borrar, quitar, o de otra manera cambiar el significado o la apariencia, cualquiera de los contenidos, c\u00f3digos, datos o materiales en o disponibles a trav\u00e9s del Sitio Web, incluyendo, sin limitaci\u00f3n, la alteraci\u00f3n o retiro de cualquier marca comercial, marca registrada, logo, marca de servicios o cualquier otro contenido de propiedad o notificaci\u00f3n de derechos de propiedad.<\/p>\n<p>Usted reconoce que no adquiere ning\u00fan derecho de propiedad al descargar alg\u00fan material con derechos de autor del Sitio Web. Si usted hace otro uso del Sitio Web, o de los contenidos, c\u00f3digos, datos o materiales que ah\u00ed se encuentren o que est\u00e9n disponibles a trav\u00e9s del Sitio Web, a no ser como se ha estipulado anteriormente, usted puede violar las leyes de derechos de autor y otras leyes de M\u00e9xico y de otros pa\u00edses, as\u00ed como las leyes estatales aplicables, y puede ser sujeto a responsabilidad legal por dicho uso no autorizado.<\/p>\n<p><b><u>4.- Uso personal del Sitio Web.<\/u><\/b> No deber\u00e1s usar el Sitio Web de <b>\u00c9CHALE<\/b> para ninguno de los prop\u00f3sitos mencionados a continuaci\u00f3n:<\/p>\n<ul>\n<li>Difundir cualquier material legal, acosador, difamatorio, abusivo, amenazante, da\u00f1ino, vulgar, obsceno o que de alguna otra manera infrinja con la Ley.<\/li>\n<li>Interferir con el uso parcial o total del Sitio Web de <b>\u00c9CHALE<\/b> a cualquier otra persona.<\/li>\n<li>Crear, transmitir o almacenar copias electr\u00f3nicas de materiales protegidos por derechos de autor sin el permiso del propietario.<\/li>\n<\/ul>\n<p>Ser\u00e1s responsable de nuestras perdidas costos, resultado de la violaci\u00f3n o incumplimiento de esta cl\u00e1usula.<\/p>\n<p><strong><u>4.- Marcas Comerciales.<\/u><\/strong> Las marcas comerciales logos, (conjuntamente las &#8220;Marcas Comerciales&#8221;) expuestas en el Sitio Web o en los contenidos disponibles del Sitio Web son Marcas Comerciales de <b>\u00c9CHALE<\/b> registradas y no registradas y otras, y no pueden ser usadas con respecto a productos y\/o servicios que no est\u00e9n relacionados, asociados o patrocinados por sus poseedores de derechos y que puedan causar confusi\u00f3n a los clientes, o de alguna manera que denigre o desacredite a sus poseedores de derechos. Todas las Marcas Comerciales que no sean de <b>\u00c9CHALE<\/b> que aparezcan en el Sitio Web, si las hubiera, son propiedad de sus respectivos due\u00f1os. Nada que est\u00e9 contenido en el Sitio Web deber\u00e1 ser interpretado como otorgando, por implicaci\u00f3n, desestimaci\u00f3n, o de otra manera, alguna licencia o derecho para usar alguna Marca Comercial expuesta en el Sitio Web sin el permiso escrito de <b>\u00c9CHALE<\/b> o de terceros que puedan ser due\u00f1os de dicha Marca Comercial.<\/p>\n<p>El mal uso de las Marcas Comerciales expuestas en el Sitio Web o de cualquiera de los servicios del Sitio Web est\u00e1 estrictamente prohibido.<\/p>\n<\/div><div class=\"fusion-clearfix\"><\/div><\/div><\/div><\/div><\/div>","protected":false},"excerpt":{"rendered":"","protected":false},"author":2,"featured_media":0,"parent":0,"menu_order":0,"comment_status":"closed","ping_status":"closed","template":"","meta":{"nf_dc_page":"","_monsterinsights_skip_tracking":false,"_monsterinsights_sitenote_active":false,"_monsterinsights_sitenote_note":"","_monsterinsights_sitenote_category":0,"footnotes":""},"class_list":["post-1917","page","type-page","status-publish","hentry"],"_links":{"self":[{"href":"https:\/\/echale.mx\/en\/wp-json\/wp\/v2\/pages\/1917","targetHints":{"allow":["GET"]}}],"collection":[{"href":"https:\/\/echale.mx\/en\/wp-json\/wp\/v2\/pages"}],"about":[{"href":"https:\/\/echale.mx\/en\/wp-json\/wp\/v2\/types\/page"}],"author":[{"embeddable":true,"href":"https:\/\/echale.mx\/en\/wp-json\/wp\/v2\/users\/2"}],"replies":[{"embeddable":true,"href":"https:\/\/echale.mx\/en\/wp-json\/wp\/v2\/comments?post=1917"}],"version-history":[{"count":5,"href":"https:\/\/echale.mx\/en\/wp-json\/wp\/v2\/pages\/1917\/revisions"}],"predecessor-version":[{"id":1929,"href":"https:\/\/echale.mx\/en\/wp-json\/wp\/v2\/pages\/1917\/revisions\/1929"}],"wp:attachment":[{"href":"https:\/\/echale.mx\/en\/wp-json\/wp\/v2\/media?parent=1917"}],"curies":[{"name":"wp","href":"https:\/\/api.w.org\/{rel}","templated":true}]}}